{"id":27973,"date":"2022-07-01T14:01:52","date_gmt":"2022-07-01T12:01:52","guid":{"rendered":"https:\/\/www.lh-lf.com\/?page_id=27973"},"modified":"2024-01-25T17:09:49","modified_gmt":"2024-01-25T16:09:49","slug":"notre-valeur-ajoutee-votre-benefice","status":"publish","type":"page","link":"https:\/\/www.lh-lf.com\/en\/notre-valeur-ajoutee-votre-benefice\/","title":{"rendered":"Your Benefit, Our Added Value"},"content":{"rendered":"<div data-elementor-type=\"wp-page\" data-elementor-id=\"27973\" class=\"elementor elementor-27973\" data-elementor-post-type=\"page\">\n\t\t\t\t\t\t<section class=\"elementor-section elementor-top-section elementor-element elementor-element-f3ae421 elementor-section-boxed elementor-section-height-default elementor-section-height-default\" data-id=\"f3ae421\" data-element_type=\"section\" data-e-type=\"section\" data-settings=\"{&quot;jet_parallax_layout_list&quot;:[]}\">\n\t\t\t\t\t\t<div class=\"elementor-container elementor-column-gap-default\">\n\t\t\t\t\t<div class=\"elementor-column elementor-col-100 elementor-top-column elementor-element elementor-element-ea2f94b\" data-id=\"ea2f94b\" data-element_type=\"column\" data-e-type=\"column\">\n\t\t\t<div class=\"elementor-widget-wrap elementor-element-populated\">\n\t\t\t\t\t\t<div class=\"elementor-element elementor-element-6b4f70e elementor-widget elementor-widget-heading\" data-id=\"6b4f70e\" data-element_type=\"widget\" data-e-type=\"widget\" data-widget_type=\"heading.default\">\n\t\t\t\t<div class=\"elementor-widget-container\">\n\t\t\t\t\t<h1 class=\"elementor-heading-title elementor-size-default\">Your benefits<br>Our added value\n<\/h1>\t\t\t\t<\/div>\n\t\t\t\t<\/div>\n\t\t\t\t<div class=\"elementor-element elementor-element-24e9d50 elementor-widget-divider--view-line elementor-widget elementor-widget-divider\" data-id=\"24e9d50\" data-element_type=\"widget\" data-e-type=\"widget\" data-widget_type=\"divider.default\">\n\t\t\t\t<div class=\"elementor-widget-container\">\n\t\t\t\t\t\t\t<div class=\"elementor-divider\">\n\t\t\t<span class=\"elementor-divider-separator\">\n\t\t\t\t\t\t<\/span>\n\t\t<\/div>\n\t\t\t\t\t\t<\/div>\n\t\t\t\t<\/div>\n\t\t\t\t\t<\/div>\n\t\t<\/div>\n\t\t\t\t\t<\/div>\n\t\t<\/section>\n\t\t\t\t<section class=\"elementor-section elementor-top-section elementor-element elementor-element-ba02547 elementor-section-boxed elementor-section-height-default elementor-section-height-default\" data-id=\"ba02547\" data-element_type=\"section\" data-e-type=\"section\" data-settings=\"{&quot;jet_parallax_layout_list&quot;:[]}\">\n\t\t\t\t\t\t<div class=\"elementor-container elementor-column-gap-default\">\n\t\t\t\t\t<div class=\"elementor-column elementor-col-50 elementor-top-column elementor-element elementor-element-e9dd9a7\" data-id=\"e9dd9a7\" data-element_type=\"column\" data-e-type=\"column\">\n\t\t\t<div class=\"elementor-widget-wrap elementor-element-populated\">\n\t\t\t\t\t\t<div class=\"elementor-element elementor-element-287fae6 elementor-widget elementor-widget-heading\" data-id=\"287fae6\" data-element_type=\"widget\" data-e-type=\"widget\" data-widget_type=\"heading.default\">\n\t\t\t\t<div class=\"elementor-widget-container\">\n\t\t\t\t\t<h2 class=\"elementor-heading-title elementor-size-default\"> Our goal :<br>\nClient satisfaction through remarkable added value\n<\/h2>\t\t\t\t<\/div>\n\t\t\t\t<\/div>\n\t\t\t\t\t<\/div>\n\t\t<\/div>\n\t\t\t\t<div class=\"elementor-column elementor-col-50 elementor-top-column elementor-element elementor-element-247246e\" data-id=\"247246e\" data-element_type=\"column\" data-e-type=\"column\">\n\t\t\t<div class=\"elementor-widget-wrap elementor-element-populated\">\n\t\t\t\t\t\t<div class=\"elementor-element elementor-element-aa4f46b elementor-widget elementor-widget-text-editor\" data-id=\"aa4f46b\" data-element_type=\"widget\" data-e-type=\"widget\" data-widget_type=\"text-editor.default\">\n\t\t\t\t<div class=\"elementor-widget-container\">\n\t\t\t\t\t\t\t\t\t<p class=\"p1\"><span class=\"s1\">Our services are designed to ensure our clients' satisfaction: we are client-focused and provide value through solutions that simplify their operations.<\/span><\/p>\t\t\t\t\t\t\t\t<\/div>\n\t\t\t\t<\/div>\n\t\t\t\t\t<\/div>\n\t\t<\/div>\n\t\t\t\t\t<\/div>\n\t\t<\/section>\n\t\t\t\t<section class=\"elementor-section elementor-top-section elementor-element elementor-element-f25a6d8 elementor-section-boxed elementor-section-height-default elementor-section-height-default\" data-id=\"f25a6d8\" data-element_type=\"section\" data-e-type=\"section\" data-settings=\"{&quot;jet_parallax_layout_list&quot;:[]}\">\n\t\t\t\t\t\t<div class=\"elementor-container elementor-column-gap-default\">\n\t\t\t\t\t<div class=\"elementor-column elementor-col-100 elementor-top-column elementor-element elementor-element-1d59e1f\" data-id=\"1d59e1f\" data-element_type=\"column\" data-e-type=\"column\">\n\t\t\t<div class=\"elementor-widget-wrap elementor-element-populated\">\n\t\t\t\t\t\t<div class=\"elementor-element elementor-element-7b2a252 elementor-widget elementor-widget-heading\" data-id=\"7b2a252\" data-element_type=\"widget\" data-e-type=\"widget\" data-widget_type=\"heading.default\">\n\t\t\t\t<div class=\"elementor-widget-container\">\n\t\t\t\t\t<h2 class=\"elementor-heading-title elementor-size-default\">The Benefit for Clients of LightHouse LHLF \n<\/h2>\t\t\t\t<\/div>\n\t\t\t\t<\/div>\n\t\t\t\t\t<\/div>\n\t\t<\/div>\n\t\t\t\t\t<\/div>\n\t\t<\/section>\n\t\t\t\t<section class=\"elementor-section elementor-top-section elementor-element elementor-element-eac6923 elementor-section-boxed elementor-section-height-default elementor-section-height-default\" data-id=\"eac6923\" data-element_type=\"section\" data-e-type=\"section\" data-settings=\"{&quot;jet_parallax_layout_list&quot;:[]}\">\n\t\t\t\t\t\t<div class=\"elementor-container elementor-column-gap-default\">\n\t\t\t\t\t<div class=\"elementor-column elementor-col-100 elementor-top-column elementor-element elementor-element-ce802d5\" data-id=\"ce802d5\" data-element_type=\"column\" data-e-type=\"column\">\n\t\t\t<div class=\"elementor-widget-wrap elementor-element-populated\">\n\t\t\t\t\t\t<div class=\"elementor-element elementor-element-769bb6a elementor-widget elementor-widget-text-editor\" data-id=\"769bb6a\" data-element_type=\"widget\" data-e-type=\"widget\" data-widget_type=\"text-editor.default\">\n\t\t\t\t<div class=\"elementor-widget-container\">\n\t\t\t\t\t\t\t\t\t<p class=\"p1\"><span class=\"s1\">The services of LightHouse LHLF strengthen the user's position through expert and immediate management of international tax issues. Our services facilitate the making of tax-efficient decisions: the user is seen as a 'facilitator' within their company.<\/span><\/p><p class=\"p1\"><span class=\"s1\">Additionally, the various billing options proposed by LightHouse LHLF allow for external savings for our clients.<\/span><\/p><p class=\"p1\"><span class=\"s1\">Essentialy, when they use our services, our clients get immediate answers to their business problems.<\/span><\/p>\t\t\t\t\t\t\t\t<\/div>\n\t\t\t\t<\/div>\n\t\t\t\t\t<\/div>\n\t\t<\/div>\n\t\t\t\t\t<\/div>\n\t\t<\/section>\n\t\t\t\t<section class=\"elementor-section elementor-top-section elementor-element elementor-element-c1923a7 elementor-section-boxed elementor-section-height-default elementor-section-height-default\" data-id=\"c1923a7\" data-element_type=\"section\" data-e-type=\"section\" data-settings=\"{&quot;jet_parallax_layout_list&quot;:[]}\">\n\t\t\t\t\t\t<div class=\"elementor-container elementor-column-gap-default\">\n\t\t\t\t\t<div class=\"elementor-column elementor-col-100 elementor-top-column elementor-element elementor-element-b2bccc3\" data-id=\"b2bccc3\" data-element_type=\"column\" data-e-type=\"column\">\n\t\t\t<div class=\"elementor-widget-wrap elementor-element-populated\">\n\t\t\t\t\t\t<div class=\"elementor-element elementor-element-2b09dab elementor-widget elementor-widget-image\" data-id=\"2b09dab\" data-element_type=\"widget\" data-e-type=\"widget\" data-widget_type=\"image.default\">\n\t\t\t\t<div class=\"elementor-widget-container\">\n\t\t\t\t\t\t\t\t\t\t\t\t\t\t\t<img fetchpriority=\"high\" decoding=\"async\" width=\"800\" height=\"532\" src=\"https:\/\/www.lh-lf.com\/wp-content\/uploads\/2023\/01\/2022-lhlf-9071-modifier-1024x681.jpg\" class=\"attachment-large size-large wp-image-33146\" alt=\"2022 lhlf 9071 modifier\" srcset=\"https:\/\/www.lh-lf.com\/wp-content\/uploads\/2023\/01\/2022-lhlf-9071-modifier-1024x681.jpg 1024w, https:\/\/www.lh-lf.com\/wp-content\/uploads\/2023\/01\/2022-lhlf-9071-modifier-300x200.jpg 300w, https:\/\/www.lh-lf.com\/wp-content\/uploads\/2023\/01\/2022-lhlf-9071-modifier-768x511.jpg 768w, https:\/\/www.lh-lf.com\/wp-content\/uploads\/2023\/01\/2022-lhlf-9071-modifier-1536x1022.jpg 1536w, https:\/\/www.lh-lf.com\/wp-content\/uploads\/2023\/01\/2022-lhlf-9071-modifier-scaled.jpg 2048w, https:\/\/www.lh-lf.com\/wp-content\/uploads\/2023\/01\/2022-lhlf-9071-modifier-18x12.jpg 18w\" sizes=\"(max-width: 800px) 100vw, 800px\" \/>\t\t\t\t\t\t\t\t\t\t\t\t\t\t\t<\/div>\n\t\t\t\t<\/div>\n\t\t\t\t\t<\/div>\n\t\t<\/div>\n\t\t\t\t\t<\/div>\n\t\t<\/section>\n\t\t\t\t<section class=\"elementor-section elementor-top-section elementor-element elementor-element-929aee5 elementor-section-boxed elementor-section-height-default elementor-section-height-default\" data-id=\"929aee5\" data-element_type=\"section\" data-e-type=\"section\" data-settings=\"{&quot;jet_parallax_layout_list&quot;:[]}\">\n\t\t\t\t\t\t<div class=\"elementor-container elementor-column-gap-default\">\n\t\t\t\t\t<div class=\"elementor-column elementor-col-50 elementor-top-column elementor-element elementor-element-c89c305\" data-id=\"c89c305\" data-element_type=\"column\" data-e-type=\"column\">\n\t\t\t<div class=\"elementor-widget-wrap elementor-element-populated\">\n\t\t\t\t\t\t<div class=\"elementor-element elementor-element-d6fee94 elementor-widget elementor-widget-text-editor\" data-id=\"d6fee94\" data-element_type=\"widget\" data-e-type=\"widget\" data-widget_type=\"text-editor.default\">\n\t\t\t\t<div class=\"elementor-widget-container\">\n\t\t\t\t\t\t\t\t\t<p class=\"p1\"><strong><span class=\"s1\">The benefits of using LightHouse LHLF are manifold :\u00a0<\/span><\/strong><\/p><ul class=\"ul1\"><li class=\"li1\"><span class=\"s1\">Clients have access to comprehensive and specialized knowledge for tax determination ;<\/span><\/li><li class=\"li1\"><span class=\"s1\">Our services cater to tax, legal, and finance professionals looking to solve a business problem, but also to users such as salespeople preparing a quote for a client, lawyers drafting a contract, or logistics managers setting up a new distribution channel.<\/span><\/li><li class=\"li1\"><span class=\"s1\">Our services are easily utilized by managers responsible for strategic or operational decisions. They are readily understandable by non-tax experts, as our job is to deliver 'business' solutions based on technical knowledge.<\/span><\/li><\/ul>\t\t\t\t\t\t\t\t<\/div>\n\t\t\t\t<\/div>\n\t\t\t\t\t<\/div>\n\t\t<\/div>\n\t\t\t\t<div class=\"elementor-column elementor-col-50 elementor-top-column elementor-element elementor-element-f6d2095\" data-id=\"f6d2095\" data-element_type=\"column\" data-e-type=\"column\">\n\t\t\t<div class=\"elementor-widget-wrap elementor-element-populated\">\n\t\t\t\t\t\t<div class=\"elementor-element elementor-element-a1461e6 elementor-widget elementor-widget-image\" data-id=\"a1461e6\" data-element_type=\"widget\" data-e-type=\"widget\" data-widget_type=\"image.default\">\n\t\t\t\t<div class=\"elementor-widget-container\">\n\t\t\t\t\t\t\t\t\t\t\t\t\t\t\t<img decoding=\"async\" width=\"800\" height=\"800\" src=\"https:\/\/www.lh-lf.com\/wp-content\/uploads\/2021\/10\/Lady-Justice.H03.2k-1024x1024.png\" class=\"attachment-large size-large wp-image-26599\" alt=\"lady justice.h03.2k\" srcset=\"https:\/\/www.lh-lf.com\/wp-content\/uploads\/2021\/10\/Lady-Justice.H03.2k-1024x1024.png 1024w, https:\/\/www.lh-lf.com\/wp-content\/uploads\/2021\/10\/Lady-Justice.H03.2k-300x300.png 300w, https:\/\/www.lh-lf.com\/wp-content\/uploads\/2021\/10\/Lady-Justice.H03.2k-150x150.png 150w, https:\/\/www.lh-lf.com\/wp-content\/uploads\/2021\/10\/Lady-Justice.H03.2k-768x768.png 768w, https:\/\/www.lh-lf.com\/wp-content\/uploads\/2021\/10\/Lady-Justice.H03.2k-1536x1536.png 1536w, https:\/\/www.lh-lf.com\/wp-content\/uploads\/2021\/10\/Lady-Justice.H03.2k.png 2048w\" sizes=\"(max-width: 800px) 100vw, 800px\" \/>\t\t\t\t\t\t\t\t\t\t\t\t\t\t\t<\/div>\n\t\t\t\t<\/div>\n\t\t\t\t\t<\/div>\n\t\t<\/div>\n\t\t\t\t\t<\/div>\n\t\t<\/section>\n\t\t\t\t<section class=\"elementor-section elementor-top-section elementor-element elementor-element-a7b137e elementor-section-boxed elementor-section-height-default elementor-section-height-default\" data-id=\"a7b137e\" data-element_type=\"section\" data-e-type=\"section\" data-settings=\"{&quot;jet_parallax_layout_list&quot;:[]}\">\n\t\t\t\t\t\t<div class=\"elementor-container elementor-column-gap-default\">\n\t\t\t\t\t<div class=\"elementor-column elementor-col-100 elementor-top-column elementor-element elementor-element-ca1042c\" data-id=\"ca1042c\" data-element_type=\"column\" data-e-type=\"column\">\n\t\t\t<div class=\"elementor-widget-wrap elementor-element-populated\">\n\t\t\t\t\t\t<div class=\"elementor-element elementor-element-1676165 elementor-widget elementor-widget-text-editor\" data-id=\"1676165\" data-element_type=\"widget\" data-e-type=\"widget\" data-widget_type=\"text-editor.default\">\n\t\t\t\t<div class=\"elementor-widget-container\">\n\t\t\t\t\t\t\t\t\t<p><span class=\"s1\">In effect, working with LightHouse LHLF simplifies tax determination, calculation, and reporting, while naturally incorporating the complexity and perpetual changes of legislative requirements. <\/span><\/p><p class=\"p1\"><span class=\"s1\">In practice, LightHouse LHLF is a business advisor, not just a team of high-flying tax gurus.<br \/><\/span><\/p>\t\t\t\t\t\t\t\t<\/div>\n\t\t\t\t<\/div>\n\t\t\t\t\t<\/div>\n\t\t<\/div>\n\t\t\t\t\t<\/div>\n\t\t<\/section>\n\t\t\t\t<\/div>","protected":false},"excerpt":{"rendered":"<p>Votre b\u00e9n\u00e9ficeNotre valeur ajout\u00e9e Notre but : La satisfaction de nos clients par une valeur ajout\u00e9e remarquable Nos services ont \u00e9t\u00e9 con\u00e7us pour assurer la satisfaction de nos clients: nous sommes orient\u00e9s vers notre client, et lui apportons de la valeur \u00e0 travers des solutions qui facilitent ses op\u00e9rations. \u2028Le b\u00e9n\u00e9fice pour les clients de [&hellip;]<\/p>\n","protected":false},"author":3,"featured_media":0,"parent":0,"menu_order":0,"comment_status":"closed","ping_status":"closed","template":"","meta":{"_seopress_robots_primary_cat":"","_seopress_titles_title":"","_seopress_titles_desc":"","_seopress_robots_index":"","footnotes":""},"class_list":["post-27973","page","type-page","status-publish","hentry"],"_links":{"self":[{"href":"https:\/\/www.lh-lf.com\/en\/wp-json\/wp\/v2\/pages\/27973","targetHints":{"allow":["GET"]}}],"collection":[{"href":"https:\/\/www.lh-lf.com\/en\/wp-json\/wp\/v2\/pages"}],"about":[{"href":"https:\/\/www.lh-lf.com\/en\/wp-json\/wp\/v2\/types\/page"}],"author":[{"embeddable":true,"href":"https:\/\/www.lh-lf.com\/en\/wp-json\/wp\/v2\/users\/3"}],"replies":[{"embeddable":true,"href":"https:\/\/www.lh-lf.com\/en\/wp-json\/wp\/v2\/comments?post=27973"}],"version-history":[{"count":0,"href":"https:\/\/www.lh-lf.com\/en\/wp-json\/wp\/v2\/pages\/27973\/revisions"}],"wp:attachment":[{"href":"https:\/\/www.lh-lf.com\/en\/wp-json\/wp\/v2\/media?parent=27973"}],"curies":[{"name":"wp","href":"https:\/\/api.w.org\/{rel}","templated":true}]}}