{"id":26988,"date":"2021-11-09T12:19:49","date_gmt":"2021-11-09T11:19:49","guid":{"rendered":"https:\/\/www.lh-lf.com\/?page_id=26988"},"modified":"2023-11-20T14:26:11","modified_gmt":"2023-11-20T13:26:11","slug":"tiphaine-bernard","status":"publish","type":"page","link":"https:\/\/www.lh-lf.com\/en\/tiphaine-bernard\/","title":{"rendered":"Tiphaine Bernard"},"content":{"rendered":"<div data-elementor-type=\"wp-page\" data-elementor-id=\"26988\" class=\"elementor elementor-26988\" data-elementor-post-type=\"page\">\n\t\t\t\t\t\t<section class=\"elementor-section elementor-top-section elementor-element elementor-element-4327574 elementor-section-boxed elementor-section-height-default elementor-section-height-default\" data-id=\"4327574\" data-element_type=\"section\" data-e-type=\"section\" data-settings=\"{&quot;jet_parallax_layout_list&quot;:[]}\">\n\t\t\t\t\t\t<div class=\"elementor-container elementor-column-gap-default\">\n\t\t\t\t\t<div class=\"elementor-column elementor-col-100 elementor-top-column elementor-element elementor-element-c787347\" data-id=\"c787347\" data-element_type=\"column\" data-e-type=\"column\">\n\t\t\t<div class=\"elementor-widget-wrap elementor-element-populated\">\n\t\t\t\t\t\t<div class=\"elementor-element elementor-element-208dd34 elementor-widget elementor-widget-heading\" data-id=\"208dd34\" data-element_type=\"widget\" data-e-type=\"widget\" data-widget_type=\"heading.default\">\n\t\t\t\t<div class=\"elementor-widget-container\">\n\t\t\t\t\t<h2 class=\"elementor-heading-title elementor-size-default\">Tiphaine BERNARD<\/h2>\t\t\t\t<\/div>\n\t\t\t\t<\/div>\n\t\t\t\t<div class=\"elementor-element elementor-element-1fa585f elementor-widget elementor-widget-text-editor\" data-id=\"1fa585f\" data-element_type=\"widget\" data-e-type=\"widget\" data-widget_type=\"text-editor.default\">\n\t\t\t\t<div class=\"elementor-widget-container\">\n\t\t\t\t\t\t\t\t\t<p>A lawyer specialising in customs and international trade law, Tiphaine joined the Lyon Customs team at Lighthouse in July 2021.<\/p><p>After getting an LLM in international law from the University of Montreal (Canada) and a Masters 2 in international economic law from Paris 2 Panth\u00e9on-Assas University, she soon specialised in customs law by completing her 6-month student-lawyer internship in the Customs and International Trade Team at DS Avocats in Paris.<\/p><p>She then began her career as a lawyer with the Customs team at Cabinet Arsene in Paris where she practised for nearly 3 years.<\/p><p>Tiphaine assists and represents her clients with both advisory and litigation services for all their customs issues.<\/p>\t\t\t\t\t\t\t\t<\/div>\n\t\t\t\t<\/div>\n\t\t\t\t\t<\/div>\n\t\t<\/div>\n\t\t\t\t\t<\/div>\n\t\t<\/section>\n\t\t\t\t<section class=\"elementor-section elementor-top-section elementor-element elementor-element-06e748c elementor-section-boxed elementor-section-height-default elementor-section-height-default\" data-id=\"06e748c\" data-element_type=\"section\" data-e-type=\"section\" data-settings=\"{&quot;jet_parallax_layout_list&quot;:[]}\">\n\t\t\t\t\t\t<div class=\"elementor-container elementor-column-gap-default\">\n\t\t\t\t\t<div class=\"elementor-column elementor-col-50 elementor-top-column elementor-element elementor-element-d230660\" data-id=\"d230660\" data-element_type=\"column\" data-e-type=\"column\">\n\t\t\t<div class=\"elementor-widget-wrap elementor-element-populated\">\n\t\t\t\t\t\t<div class=\"elementor-element elementor-element-574331a elementor-widget elementor-widget-image\" data-id=\"574331a\" data-element_type=\"widget\" data-e-type=\"widget\" data-widget_type=\"image.default\">\n\t\t\t\t<div class=\"elementor-widget-container\">\n\t\t\t\t\t\t\t\t\t\t\t\t\t\t\t<img fetchpriority=\"high\" decoding=\"async\" width=\"681\" height=\"1024\" src=\"https:\/\/www.lh-lf.com\/wp-content\/uploads\/2023\/01\/2022-lhlf-0986b-681x1024.jpg\" class=\"attachment-large size-large wp-image-33128\" alt=\"2022 lhlf 0986b\" srcset=\"https:\/\/www.lh-lf.com\/wp-content\/uploads\/2023\/01\/2022-lhlf-0986b-681x1024.jpg 681w, https:\/\/www.lh-lf.com\/wp-content\/uploads\/2023\/01\/2022-lhlf-0986b-200x300.jpg 200w, https:\/\/www.lh-lf.com\/wp-content\/uploads\/2023\/01\/2022-lhlf-0986b-768x1154.jpg 768w, https:\/\/www.lh-lf.com\/wp-content\/uploads\/2023\/01\/2022-lhlf-0986b-1022x1536.jpg 1022w, https:\/\/www.lh-lf.com\/wp-content\/uploads\/2023\/01\/2022-lhlf-0986b-scaled.jpg 1363w, https:\/\/www.lh-lf.com\/wp-content\/uploads\/2023\/01\/2022-lhlf-0986b-8x12.jpg 8w\" sizes=\"(max-width: 681px) 100vw, 681px\" \/>\t\t\t\t\t\t\t\t\t\t\t\t\t\t\t<\/div>\n\t\t\t\t<\/div>\n\t\t\t\t<div class=\"elementor-element elementor-element-d1fc29f elementor-widget elementor-widget-text-editor\" data-id=\"d1fc29f\" data-element_type=\"widget\" data-e-type=\"widget\" data-widget_type=\"text-editor.default\">\n\t\t\t\t<div class=\"elementor-widget-container\">\n\t\t\t\t\t\t\t\t\t<p><em>\u00a9 Doroth\u00e9e PIROELLE<\/em><\/p>\t\t\t\t\t\t\t\t<\/div>\n\t\t\t\t<\/div>\n\t\t\t\t<div class=\"elementor-element elementor-element-92fae5e elementor-widget elementor-widget-gallery\" data-id=\"92fae5e\" data-element_type=\"widget\" data-e-type=\"widget\" data-settings=\"{&quot;gallery_layout&quot;:&quot;masonry&quot;,&quot;columns&quot;:2,&quot;lazyload&quot;:&quot;yes&quot;,&quot;columns_tablet&quot;:2,&quot;columns_mobile&quot;:1,&quot;gap&quot;:{&quot;unit&quot;:&quot;px&quot;,&quot;size&quot;:10,&quot;sizes&quot;:[]},&quot;gap_tablet&quot;:{&quot;unit&quot;:&quot;px&quot;,&quot;size&quot;:10,&quot;sizes&quot;:[]},&quot;gap_mobile&quot;:{&quot;unit&quot;:&quot;px&quot;,&quot;size&quot;:10,&quot;sizes&quot;:[]},&quot;overlay_background&quot;:&quot;yes&quot;,&quot;content_hover_animation&quot;:&quot;fade-in&quot;}\" data-widget_type=\"gallery.default\">\n\t\t\t\t<div class=\"elementor-widget-container\">\n\t\t\t\t\t\t\t<div class=\"elementor-gallery__container\">\n\t\t\t\t\t\t\t<div class=\"e-gallery-item elementor-gallery-item elementor-animated-content\">\n\t\t\t\t\t<div class=\"e-gallery-image elementor-gallery-item__image\" data-thumbnail=\"https:\/\/www.lh-lf.com\/wp-content\/uploads\/2023\/01\/2022-lhlf-8895b-768x1154.jpg\" data-width=\"768\" data-height=\"1154\" aria-label=\"2022 lhlf 8895b\" role=\"img\" ><\/div>\n\t\t\t\t\t\t\t\t\t\t\t<div class=\"elementor-gallery-item__overlay\"><\/div>\n\t\t\t\t\t\t\t\t\t\t\t\t\t\t<\/div>\n\t\t\t\t\t\t\t<div class=\"e-gallery-item elementor-gallery-item elementor-animated-content\">\n\t\t\t\t\t<div class=\"e-gallery-image elementor-gallery-item__image\" data-thumbnail=\"https:\/\/www.lh-lf.com\/wp-content\/uploads\/2023\/01\/2022-lhlf-1015b-768x511.jpg\" data-width=\"768\" data-height=\"511\" aria-label=\"2022 lhlf 1015b\" role=\"img\" ><\/div>\n\t\t\t\t\t\t\t\t\t\t\t<div class=\"elementor-gallery-item__overlay\"><\/div>\n\t\t\t\t\t\t\t\t\t\t\t\t\t\t<\/div>\n\t\t\t\t\t<\/div>\n\t\t\t\t\t<\/div>\n\t\t\t\t<\/div>\n\t\t\t\t\t<\/div>\n\t\t<\/div>\n\t\t\t\t<div class=\"elementor-column elementor-col-50 elementor-top-column elementor-element elementor-element-76c0aa7\" data-id=\"76c0aa7\" data-element_type=\"column\" data-e-type=\"column\">\n\t\t\t<div class=\"elementor-widget-wrap elementor-element-populated\">\n\t\t\t\t\t\t<div class=\"elementor-element elementor-element-279cc79 elementor-widget elementor-widget-heading\" data-id=\"279cc79\" data-element_type=\"widget\" data-e-type=\"widget\" data-widget_type=\"heading.default\">\n\t\t\t\t<div class=\"elementor-widget-container\">\n\t\t\t\t\t<h2 class=\"elementor-heading-title elementor-size-default\">Education<\/h2>\t\t\t\t<\/div>\n\t\t\t\t<\/div>\n\t\t\t\t<div class=\"elementor-element elementor-element-f0557d4 elementor-widget elementor-widget-text-editor\" data-id=\"f0557d4\" data-element_type=\"widget\" data-e-type=\"widget\" data-widget_type=\"text-editor.default\">\n\t\t\t\t<div class=\"elementor-widget-container\">\n\t\t\t\t\t\t\t\t\t<div id=\"sc_bullets_1\" class=\"bullets\"><ul><li>LLM in International Law at the University of Montreal (Canada)<\/li><\/ul><\/div><div id=\"sc_bullets_2\" class=\"bullets\"><ul><li>Masters 2 in International Economic Law at Paris 2 Panth\u00e9on-Assas University<\/li><\/ul><\/div>\t\t\t\t\t\t\t\t<\/div>\n\t\t\t\t<\/div>\n\t\t\t\t<section class=\"elementor-section elementor-inner-section elementor-element elementor-element-8de308b elementor-section-boxed elementor-section-height-default elementor-section-height-default\" data-id=\"8de308b\" data-element_type=\"section\" data-e-type=\"section\" data-settings=\"{&quot;jet_parallax_layout_list&quot;:[]}\">\n\t\t\t\t\t\t<div class=\"elementor-container elementor-column-gap-default\">\n\t\t\t\t\t<div class=\"elementor-column elementor-col-100 elementor-inner-column elementor-element elementor-element-6b77082\" data-id=\"6b77082\" data-element_type=\"column\" data-e-type=\"column\">\n\t\t\t<div class=\"elementor-widget-wrap elementor-element-populated\">\n\t\t\t\t\t\t<div class=\"elementor-element elementor-element-e9e53a1 elementor-widget elementor-widget-image\" data-id=\"e9e53a1\" data-element_type=\"widget\" data-e-type=\"widget\" data-widget_type=\"image.default\">\n\t\t\t\t<div class=\"elementor-widget-container\">\n\t\t\t\t\t\t\t\t\t\t\t\t\t\t\t<img decoding=\"async\" width=\"1110\" height=\"699\" src=\"https:\/\/www.lh-lf.com\/wp-content\/uploads\/2022\/10\/LOGO_ORDRE_DES_AVOCATS_BL_RVB.jpg\" class=\"attachment-full size-full wp-image-31151\" alt=\"logo ordre des avocats bl rvb\" srcset=\"https:\/\/www.lh-lf.com\/wp-content\/uploads\/2022\/10\/LOGO_ORDRE_DES_AVOCATS_BL_RVB.jpg 1110w, https:\/\/www.lh-lf.com\/wp-content\/uploads\/2022\/10\/LOGO_ORDRE_DES_AVOCATS_BL_RVB-300x189.jpg 300w, https:\/\/www.lh-lf.com\/wp-content\/uploads\/2022\/10\/LOGO_ORDRE_DES_AVOCATS_BL_RVB-1024x645.jpg 1024w, https:\/\/www.lh-lf.com\/wp-content\/uploads\/2022\/10\/LOGO_ORDRE_DES_AVOCATS_BL_RVB-768x484.jpg 768w, https:\/\/www.lh-lf.com\/wp-content\/uploads\/2022\/10\/LOGO_ORDRE_DES_AVOCATS_BL_RVB-18x12.jpg 18w\" sizes=\"(max-width: 1110px) 100vw, 1110px\" \/>\t\t\t\t\t\t\t\t\t\t\t\t\t\t\t<\/div>\n\t\t\t\t<\/div>\n\t\t\t\t\t<\/div>\n\t\t<\/div>\n\t\t\t\t\t<\/div>\n\t\t<\/section>\n\t\t\t\t<div class=\"elementor-element elementor-element-fd578ef elementor-widget elementor-widget-heading\" data-id=\"fd578ef\" data-element_type=\"widget\" data-e-type=\"widget\" data-widget_type=\"heading.default\">\n\t\t\t\t<div class=\"elementor-widget-container\">\n\t\t\t\t\t<h2 class=\"elementor-heading-title elementor-size-default\">Languages<\/h2>\t\t\t\t<\/div>\n\t\t\t\t<\/div>\n\t\t\t\t<section class=\"elementor-section elementor-inner-section elementor-element elementor-element-60bf9ae elementor-section-boxed elementor-section-height-default elementor-section-height-default\" data-id=\"60bf9ae\" data-element_type=\"section\" data-e-type=\"section\" data-settings=\"{&quot;jet_parallax_layout_list&quot;:[]}\">\n\t\t\t\t\t\t<div class=\"elementor-container elementor-column-gap-default\">\n\t\t\t\t\t<div class=\"elementor-column elementor-col-33 elementor-inner-column elementor-element elementor-element-d4ac0e9\" data-id=\"d4ac0e9\" data-element_type=\"column\" data-e-type=\"column\">\n\t\t\t<div class=\"elementor-widget-wrap elementor-element-populated\">\n\t\t\t\t\t\t<div class=\"elementor-element elementor-element-b6fd2e0 elementor-widget elementor-widget-image\" data-id=\"b6fd2e0\" data-element_type=\"widget\" data-e-type=\"widget\" data-widget_type=\"image.default\">\n\t\t\t\t<div class=\"elementor-widget-container\">\n\t\t\t\t\t\t\t\t\t\t\t\t\t\t\t<img decoding=\"async\" width=\"150\" height=\"150\" src=\"https:\/\/www.lh-lf.com\/wp-content\/uploads\/2021\/10\/france-150x150.png\" class=\"attachment-thumbnail size-thumbnail wp-image-26770\" alt=\"france\" srcset=\"https:\/\/www.lh-lf.com\/wp-content\/uploads\/2021\/10\/france-150x150.png 150w, https:\/\/www.lh-lf.com\/wp-content\/uploads\/2021\/10\/france-300x300.png 300w, https:\/\/www.lh-lf.com\/wp-content\/uploads\/2021\/10\/france.png 512w\" sizes=\"(max-width: 150px) 100vw, 150px\" \/>\t\t\t\t\t\t\t\t\t\t\t\t\t\t\t<\/div>\n\t\t\t\t<\/div>\n\t\t\t\t\t<\/div>\n\t\t<\/div>\n\t\t\t\t<div class=\"elementor-column elementor-col-33 elementor-inner-column elementor-element elementor-element-122ca4e\" data-id=\"122ca4e\" data-element_type=\"column\" data-e-type=\"column\">\n\t\t\t<div class=\"elementor-widget-wrap elementor-element-populated\">\n\t\t\t\t\t\t<div class=\"elementor-element elementor-element-1ecb3b7 elementor-widget elementor-widget-image\" data-id=\"1ecb3b7\" data-element_type=\"widget\" data-e-type=\"widget\" data-widget_type=\"image.default\">\n\t\t\t\t<div class=\"elementor-widget-container\">\n\t\t\t\t\t\t\t\t\t\t\t\t\t\t\t<img loading=\"lazy\" decoding=\"async\" width=\"512\" height=\"512\" src=\"https:\/\/www.lh-lf.com\/wp-content\/uploads\/2021\/10\/united-kingdom-1.png\" class=\"attachment-large size-large wp-image-26771\" alt=\"united kingdom (1)\" srcset=\"https:\/\/www.lh-lf.com\/wp-content\/uploads\/2021\/10\/united-kingdom-1.png 512w, https:\/\/www.lh-lf.com\/wp-content\/uploads\/2021\/10\/united-kingdom-1-300x300.png 300w, https:\/\/www.lh-lf.com\/wp-content\/uploads\/2021\/10\/united-kingdom-1-150x150.png 150w\" sizes=\"(max-width: 512px) 100vw, 512px\" \/>\t\t\t\t\t\t\t\t\t\t\t\t\t\t\t<\/div>\n\t\t\t\t<\/div>\n\t\t\t\t\t<\/div>\n\t\t<\/div>\n\t\t\t\t<div class=\"elementor-column elementor-col-33 elementor-inner-column elementor-element elementor-element-a11bf0a\" data-id=\"a11bf0a\" data-element_type=\"column\" data-e-type=\"column\">\n\t\t\t<div class=\"elementor-widget-wrap elementor-element-populated\">\n\t\t\t\t\t\t<div class=\"elementor-element elementor-element-ec3a024 elementor-widget elementor-widget-image\" data-id=\"ec3a024\" data-element_type=\"widget\" data-e-type=\"widget\" data-widget_type=\"image.default\">\n\t\t\t\t<div class=\"elementor-widget-container\">\n\t\t\t\t\t\t\t\t\t\t\t\t\t\t\t<img loading=\"lazy\" decoding=\"async\" width=\"512\" height=\"512\" src=\"https:\/\/www.lh-lf.com\/wp-content\/uploads\/2022\/03\/espagne.png\" class=\"attachment-large size-large wp-image-27753\" alt=\"espagne\" srcset=\"https:\/\/www.lh-lf.com\/wp-content\/uploads\/2022\/03\/espagne.png 512w, https:\/\/www.lh-lf.com\/wp-content\/uploads\/2022\/03\/espagne-300x300.png 300w, https:\/\/www.lh-lf.com\/wp-content\/uploads\/2022\/03\/espagne-150x150.png 150w\" sizes=\"(max-width: 512px) 100vw, 512px\" \/>\t\t\t\t\t\t\t\t\t\t\t\t\t\t\t<\/div>\n\t\t\t\t<\/div>\n\t\t\t\t\t<\/div>\n\t\t<\/div>\n\t\t\t\t\t<\/div>\n\t\t<\/section>\n\t\t\t\t<div class=\"elementor-element elementor-element-1e7c594 elementor-widget elementor-widget-heading\" data-id=\"1e7c594\" data-element_type=\"widget\" data-e-type=\"widget\" data-widget_type=\"heading.default\">\n\t\t\t\t<div class=\"elementor-widget-container\">\n\t\t\t\t\t<h2 class=\"elementor-heading-title elementor-size-default\">Hobbies<\/h2>\t\t\t\t<\/div>\n\t\t\t\t<\/div>\n\t\t\t\t<div class=\"elementor-element elementor-element-a4a5349 elementor-widget elementor-widget-text-editor\" data-id=\"a4a5349\" data-element_type=\"widget\" data-e-type=\"widget\" data-widget_type=\"text-editor.default\">\n\t\t\t\t<div class=\"elementor-widget-container\">\n\t\t\t\t\t\t\t\t\t<ul><li>Montagne<\/li><li>Moto<\/li><li>Kayak<\/li><\/ul>\t\t\t\t\t\t\t\t<\/div>\n\t\t\t\t<\/div>\n\t\t\t\t<div class=\"elementor-element elementor-element-1a18102 elementor-widget elementor-widget-heading\" data-id=\"1a18102\" data-element_type=\"widget\" data-e-type=\"widget\" data-widget_type=\"heading.default\">\n\t\t\t\t<div class=\"elementor-widget-container\">\n\t\t\t\t\t<h2 class=\"elementor-heading-title elementor-size-default\">Localisation<\/h2>\t\t\t\t<\/div>\n\t\t\t\t<\/div>\n\t\t\t\t<div class=\"elementor-element elementor-element-5e744cb elementor-widget elementor-widget-image\" data-id=\"5e744cb\" data-element_type=\"widget\" data-e-type=\"widget\" data-widget_type=\"image.default\">\n\t\t\t\t<div class=\"elementor-widget-container\">\n\t\t\t\t\t\t\t\t\t\t\t\t\t\t\t<img loading=\"lazy\" decoding=\"async\" width=\"768\" height=\"501\" src=\"https:\/\/www.lh-lf.com\/wp-content\/uploads\/2021\/10\/Marie-e1635519431157-768x501.png\" class=\"attachment-medium_large size-medium_large wp-image-26802\" alt=\"marie\" srcset=\"https:\/\/www.lh-lf.com\/wp-content\/uploads\/2021\/10\/Marie-e1635519431157-768x501.png 768w, https:\/\/www.lh-lf.com\/wp-content\/uploads\/2021\/10\/Marie-e1635519431157-300x196.png 300w, https:\/\/www.lh-lf.com\/wp-content\/uploads\/2021\/10\/Marie-e1635519431157-1024x667.png 1024w, https:\/\/www.lh-lf.com\/wp-content\/uploads\/2021\/10\/Marie-e1635519431157.png 1350w\" sizes=\"(max-width: 768px) 100vw, 768px\" \/>\t\t\t\t\t\t\t\t\t\t\t\t\t\t\t<\/div>\n\t\t\t\t<\/div>\n\t\t\t\t\t<\/div>\n\t\t<\/div>\n\t\t\t\t\t<\/div>\n\t\t<\/section>\n\t\t\t\t<\/div>","protected":false},"excerpt":{"rendered":"<p>Tiphaine BERNARD Avocate sp\u00e9cialis\u00e9e en droit douanier et du commerce international, Tiphaine est venue renforcer en juillet 2021 les effectifs lyonnais de l\u2019\u00e9quipe Douanes du cabinet LightHouse. Apr\u00e8s avoir obtenu un L.L.M en droit international \u00e0 l\u2019Universit\u00e9 de Montr\u00e9al (Canada) et un Master 2 Droit international \u00e9conomique \u00e0 l\u2019Universit\u00e9 Panth\u00e9on-Assas Paris 2, elle s\u2019est rapidement [&hellip;]<\/p>\n","protected":false},"author":3,"featured_media":0,"parent":0,"menu_order":0,"comment_status":"closed","ping_status":"closed","template":"","meta":{"_seopress_robots_primary_cat":"","_seopress_titles_title":"","_seopress_titles_desc":"","_seopress_robots_index":"","_seopress_analysis_target_kw":"","footnotes":""},"class_list":["post-26988","page","type-page","status-publish","hentry"],"_links":{"self":[{"href":"https:\/\/www.lh-lf.com\/en\/wp-json\/wp\/v2\/pages\/26988","targetHints":{"allow":["GET"]}}],"collection":[{"href":"https:\/\/www.lh-lf.com\/en\/wp-json\/wp\/v2\/pages"}],"about":[{"href":"https:\/\/www.lh-lf.com\/en\/wp-json\/wp\/v2\/types\/page"}],"author":[{"embeddable":true,"href":"https:\/\/www.lh-lf.com\/en\/wp-json\/wp\/v2\/users\/3"}],"replies":[{"embeddable":true,"href":"https:\/\/www.lh-lf.com\/en\/wp-json\/wp\/v2\/comments?post=26988"}],"version-history":[{"count":0,"href":"https:\/\/www.lh-lf.com\/en\/wp-json\/wp\/v2\/pages\/26988\/revisions"}],"wp:attachment":[{"href":"https:\/\/www.lh-lf.com\/en\/wp-json\/wp\/v2\/media?parent=26988"}],"curies":[{"name":"wp","href":"https:\/\/api.w.org\/{rel}","templated":true}]}}