{"id":26796,"date":"2021-10-29T16:54:17","date_gmt":"2021-10-29T14:54:17","guid":{"rendered":"https:\/\/www.lh-lf.com\/?page_id=26796"},"modified":"2023-11-20T14:42:39","modified_gmt":"2023-11-20T13:42:39","slug":"marie-de-reinach-hirtzbach","status":"publish","type":"page","link":"https:\/\/www.lh-lf.com\/en\/marie-de-reinach-hirtzbach\/","title":{"rendered":"Marie de Reinach Hirtzbach"},"content":{"rendered":"<div data-elementor-type=\"wp-page\" data-elementor-id=\"26796\" class=\"elementor elementor-26796\" data-elementor-post-type=\"page\">\n\t\t\t\t\t\t<section class=\"elementor-section elementor-top-section elementor-element elementor-element-728bb9f elementor-section-boxed elementor-section-height-default elementor-section-height-default\" data-id=\"728bb9f\" data-element_type=\"section\" data-e-type=\"section\" data-settings=\"{&quot;jet_parallax_layout_list&quot;:[]}\">\n\t\t\t\t\t\t<div class=\"elementor-container elementor-column-gap-default\">\n\t\t\t\t\t<div class=\"elementor-column elementor-col-100 elementor-top-column elementor-element elementor-element-9ec1415\" data-id=\"9ec1415\" data-element_type=\"column\" data-e-type=\"column\">\n\t\t\t<div class=\"elementor-widget-wrap elementor-element-populated\">\n\t\t\t\t\t\t<div class=\"elementor-element elementor-element-f063fa3 elementor-widget elementor-widget-heading\" data-id=\"f063fa3\" data-element_type=\"widget\" data-e-type=\"widget\" data-widget_type=\"heading.default\">\n\t\t\t\t<div class=\"elementor-widget-container\">\n\t\t\t\t\t<h2 class=\"elementor-heading-title elementor-size-default\">Marie de REINACH HIRTZBACH<\/h2>\t\t\t\t<\/div>\n\t\t\t\t<\/div>\n\t\t\t\t<div class=\"elementor-element elementor-element-ff3fe63 elementor-widget elementor-widget-heading\" data-id=\"ff3fe63\" data-element_type=\"widget\" data-e-type=\"widget\" data-widget_type=\"heading.default\">\n\t\t\t\t<div class=\"elementor-widget-container\">\n\t\t\t\t\t<h5 class=\"elementor-heading-title elementor-size-default\"><a href=\"https:\/\/www.lh-lf.com\/en\/lighthouse-lhlf-distingue-dans-les-classements-du-dernier-guide-strategies-financieres-et-fiscales-de-decideurs-magazine-groupe-leaders-league\/\">The magazine \"D\u00e9cideurs \/ Leaders League\" rates Marie with \"STRONG REPUTATION\" in international group taxation.<br> \nA fitting way to celebrate her well-deserved promotion! <\/a><\/h5>\t\t\t\t<\/div>\n\t\t\t\t<\/div>\n\t\t\t\t<div class=\"elementor-element elementor-element-1a5504e elementor-widget elementor-widget-text-editor\" data-id=\"1a5504e\" data-element_type=\"widget\" data-e-type=\"widget\" data-widget_type=\"text-editor.default\">\n\t\t\t\t<div class=\"elementor-widget-container\">\n\t\t\t\t\t\t\t\t\t<p style=\"font-weight: 400;\">Marie de REINACH HIRTZBACH, Barrister at the Paris Bar.<\/p><p style=\"font-weight: 400;\">Before joining Lighthouse LHLF, Marie was part of the Cardif tax team (BNP Paribas Assurance) and then spent 4 years with Ernst &amp; Young.<\/p><p style=\"font-weight: 400;\">She advises her clients about their tax issues at every stage of their business growth. From the creation of their company to international expansion, from general taxation to VAT, Marie likes nothing more than to be part of her clients\u2019 entrepreneurial adventure. \u00a0<\/p><p style=\"font-weight: 400;\">Working with international groups of different sizes, she has also developed real expertise in transfer pricing.<\/p>\t\t\t\t\t\t\t\t<\/div>\n\t\t\t\t<\/div>\n\t\t\t\t<div class=\"elementor-element elementor-element-f7f1643 elementor-widget elementor-widget-text-editor\" data-id=\"f7f1643\" data-element_type=\"widget\" data-e-type=\"widget\" data-widget_type=\"text-editor.default\">\n\t\t\t\t<div class=\"elementor-widget-container\">\n\t\t\t\t\t\t\t\t\t<p><em><strong>\"A good day is a bar of chocolate, the General Tax Code and happy customers.\"<\/strong><\/em><\/p>\t\t\t\t\t\t\t\t<\/div>\n\t\t\t\t<\/div>\n\t\t\t\t<div class=\"elementor-element elementor-element-8f0052c elementor-widget elementor-widget-heading\" data-id=\"8f0052c\" data-element_type=\"widget\" data-e-type=\"widget\" data-widget_type=\"heading.default\">\n\t\t\t\t<div class=\"elementor-widget-container\">\n\t\t\t\t\t<h5 class=\"elementor-heading-title elementor-size-default\">Literature - Travel - French Riviera<\/h5>\t\t\t\t<\/div>\n\t\t\t\t<\/div>\n\t\t\t\t\t<\/div>\n\t\t<\/div>\n\t\t\t\t\t<\/div>\n\t\t<\/section>\n\t\t\t\t<section class=\"elementor-section elementor-top-section elementor-element elementor-element-7187343 elementor-section-boxed elementor-section-height-default elementor-section-height-default\" data-id=\"7187343\" data-element_type=\"section\" data-e-type=\"section\" data-settings=\"{&quot;jet_parallax_layout_list&quot;:[]}\">\n\t\t\t\t\t\t<div class=\"elementor-container elementor-column-gap-default\">\n\t\t\t\t\t<div class=\"elementor-column elementor-col-50 elementor-top-column elementor-element elementor-element-2ce89e1\" data-id=\"2ce89e1\" data-element_type=\"column\" data-e-type=\"column\">\n\t\t\t<div class=\"elementor-widget-wrap elementor-element-populated\">\n\t\t\t\t\t\t<div class=\"elementor-element elementor-element-fd3b99a elementor-widget elementor-widget-image\" data-id=\"fd3b99a\" data-element_type=\"widget\" data-e-type=\"widget\" data-widget_type=\"image.default\">\n\t\t\t\t<div class=\"elementor-widget-container\">\n\t\t\t\t\t\t\t\t\t\t\t\t\t\t\t<img fetchpriority=\"high\" decoding=\"async\" width=\"681\" height=\"1024\" src=\"https:\/\/www.lh-lf.com\/wp-content\/uploads\/2023\/01\/2022-lhlf-0820b-681x1024.jpg\" class=\"attachment-large size-large wp-image-33126\" alt=\"2022 lhlf 0820b\" srcset=\"https:\/\/www.lh-lf.com\/wp-content\/uploads\/2023\/01\/2022-lhlf-0820b-681x1024.jpg 681w, https:\/\/www.lh-lf.com\/wp-content\/uploads\/2023\/01\/2022-lhlf-0820b-200x300.jpg 200w, https:\/\/www.lh-lf.com\/wp-content\/uploads\/2023\/01\/2022-lhlf-0820b-768x1154.jpg 768w, https:\/\/www.lh-lf.com\/wp-content\/uploads\/2023\/01\/2022-lhlf-0820b-1022x1536.jpg 1022w, https:\/\/www.lh-lf.com\/wp-content\/uploads\/2023\/01\/2022-lhlf-0820b-scaled.jpg 1363w, https:\/\/www.lh-lf.com\/wp-content\/uploads\/2023\/01\/2022-lhlf-0820b-8x12.jpg 8w\" sizes=\"(max-width: 681px) 100vw, 681px\" \/>\t\t\t\t\t\t\t\t\t\t\t\t\t\t\t<\/div>\n\t\t\t\t<\/div>\n\t\t\t\t<div class=\"elementor-element elementor-element-1e06c9f elementor-widget elementor-widget-text-editor\" data-id=\"1e06c9f\" data-element_type=\"widget\" data-e-type=\"widget\" data-widget_type=\"text-editor.default\">\n\t\t\t\t<div class=\"elementor-widget-container\">\n\t\t\t\t\t\t\t\t\t<p><em>\u00a9 Doroth\u00e9e PIROELLE<\/em><\/p>\t\t\t\t\t\t\t\t<\/div>\n\t\t\t\t<\/div>\n\t\t\t\t\t<\/div>\n\t\t<\/div>\n\t\t\t\t<div class=\"elementor-column elementor-col-50 elementor-top-column elementor-element elementor-element-80b7677\" data-id=\"80b7677\" data-element_type=\"column\" data-e-type=\"column\">\n\t\t\t<div class=\"elementor-widget-wrap elementor-element-populated\">\n\t\t\t\t\t\t<div class=\"elementor-element elementor-element-fdaa0c9 elementor-widget elementor-widget-heading\" data-id=\"fdaa0c9\" data-element_type=\"widget\" data-e-type=\"widget\" data-widget_type=\"heading.default\">\n\t\t\t\t<div class=\"elementor-widget-container\">\n\t\t\t\t\t<h2 class=\"elementor-heading-title elementor-size-default\">Education<\/h2>\t\t\t\t<\/div>\n\t\t\t\t<\/div>\n\t\t\t\t<div class=\"elementor-element elementor-element-e0940ce elementor-widget elementor-widget-text-editor\" data-id=\"e0940ce\" data-element_type=\"widget\" data-e-type=\"widget\" data-widget_type=\"text-editor.default\">\n\t\t\t\t<div class=\"elementor-widget-container\">\n\t\t\t\t\t\t\t\t\t<div id=\"sc_bullets_1\" class=\"bullets\"><ul><li>Certificate of Aptitude for the Legal Profession (CAPA)<\/li><\/ul><\/div><div id=\"sc_bullets_2\" class=\"bullets\"><ul><li>Masters in Tax Law (Paris 2 Panth\u00e9on-Assas University)<\/li><\/ul><\/div><div id=\"sc_bullets_3\" class=\"bullets\"><ul><li>Masters in Business Law (Aix en Provence)<\/li><\/ul><\/div>\t\t\t\t\t\t\t\t<\/div>\n\t\t\t\t<\/div>\n\t\t\t\t<section class=\"elementor-section elementor-inner-section elementor-element elementor-element-2199b28 elementor-section-boxed elementor-section-height-default elementor-section-height-default\" data-id=\"2199b28\" data-element_type=\"section\" data-e-type=\"section\" data-settings=\"{&quot;jet_parallax_layout_list&quot;:[]}\">\n\t\t\t\t\t\t<div class=\"elementor-container elementor-column-gap-default\">\n\t\t\t\t\t<div class=\"elementor-column elementor-col-100 elementor-inner-column elementor-element elementor-element-420fba8\" data-id=\"420fba8\" data-element_type=\"column\" data-e-type=\"column\">\n\t\t\t<div class=\"elementor-widget-wrap elementor-element-populated\">\n\t\t\t\t\t\t<div class=\"elementor-element elementor-element-63c94a5 elementor-widget elementor-widget-image\" data-id=\"63c94a5\" data-element_type=\"widget\" data-e-type=\"widget\" data-widget_type=\"image.default\">\n\t\t\t\t<div class=\"elementor-widget-container\">\n\t\t\t\t\t\t\t\t\t\t\t\t\t\t\t<img decoding=\"async\" width=\"1579\" height=\"706\" src=\"https:\/\/www.lh-lf.com\/wp-content\/uploads\/2021\/10\/logo_barreau.png\" class=\"attachment-full size-full wp-image-26768\" alt=\"logo barreau\" srcset=\"https:\/\/www.lh-lf.com\/wp-content\/uploads\/2021\/10\/logo_barreau.png 1579w, https:\/\/www.lh-lf.com\/wp-content\/uploads\/2021\/10\/logo_barreau-300x134.png 300w, https:\/\/www.lh-lf.com\/wp-content\/uploads\/2021\/10\/logo_barreau-1024x458.png 1024w, https:\/\/www.lh-lf.com\/wp-content\/uploads\/2021\/10\/logo_barreau-768x343.png 768w, https:\/\/www.lh-lf.com\/wp-content\/uploads\/2021\/10\/logo_barreau-1536x687.png 1536w\" sizes=\"(max-width: 1579px) 100vw, 1579px\" \/>\t\t\t\t\t\t\t\t\t\t\t\t\t\t\t<\/div>\n\t\t\t\t<\/div>\n\t\t\t\t\t<\/div>\n\t\t<\/div>\n\t\t\t\t\t<\/div>\n\t\t<\/section>\n\t\t\t\t<div class=\"elementor-element elementor-element-dc5c2ef elementor-widget elementor-widget-heading\" data-id=\"dc5c2ef\" data-element_type=\"widget\" data-e-type=\"widget\" data-widget_type=\"heading.default\">\n\t\t\t\t<div class=\"elementor-widget-container\">\n\t\t\t\t\t<h2 class=\"elementor-heading-title elementor-size-default\">Languages<\/h2>\t\t\t\t<\/div>\n\t\t\t\t<\/div>\n\t\t\t\t<section class=\"elementor-section elementor-inner-section elementor-element elementor-element-7858e4b elementor-section-boxed elementor-section-height-default elementor-section-height-default\" data-id=\"7858e4b\" data-element_type=\"section\" data-e-type=\"section\" data-settings=\"{&quot;jet_parallax_layout_list&quot;:[]}\">\n\t\t\t\t\t\t<div class=\"elementor-container elementor-column-gap-default\">\n\t\t\t\t\t<div class=\"elementor-column elementor-col-50 elementor-inner-column elementor-element elementor-element-8e43732\" data-id=\"8e43732\" data-element_type=\"column\" data-e-type=\"column\">\n\t\t\t<div class=\"elementor-widget-wrap elementor-element-populated\">\n\t\t\t\t\t\t<div class=\"elementor-element elementor-element-06eefbe elementor-widget elementor-widget-image\" data-id=\"06eefbe\" data-element_type=\"widget\" data-e-type=\"widget\" data-widget_type=\"image.default\">\n\t\t\t\t<div class=\"elementor-widget-container\">\n\t\t\t\t\t\t\t\t\t\t\t\t\t\t\t<img decoding=\"async\" width=\"150\" height=\"150\" src=\"https:\/\/www.lh-lf.com\/wp-content\/uploads\/2021\/10\/france-150x150.png\" class=\"attachment-thumbnail size-thumbnail wp-image-26770\" alt=\"france\" srcset=\"https:\/\/www.lh-lf.com\/wp-content\/uploads\/2021\/10\/france-150x150.png 150w, https:\/\/www.lh-lf.com\/wp-content\/uploads\/2021\/10\/france-300x300.png 300w, https:\/\/www.lh-lf.com\/wp-content\/uploads\/2021\/10\/france.png 512w\" sizes=\"(max-width: 150px) 100vw, 150px\" \/>\t\t\t\t\t\t\t\t\t\t\t\t\t\t\t<\/div>\n\t\t\t\t<\/div>\n\t\t\t\t\t<\/div>\n\t\t<\/div>\n\t\t\t\t<div class=\"elementor-column elementor-col-50 elementor-inner-column elementor-element elementor-element-7dc6b3e\" data-id=\"7dc6b3e\" data-element_type=\"column\" data-e-type=\"column\">\n\t\t\t<div class=\"elementor-widget-wrap elementor-element-populated\">\n\t\t\t\t\t\t<div class=\"elementor-element elementor-element-9b21abc elementor-widget elementor-widget-image\" data-id=\"9b21abc\" data-element_type=\"widget\" data-e-type=\"widget\" data-widget_type=\"image.default\">\n\t\t\t\t<div class=\"elementor-widget-container\">\n\t\t\t\t\t\t\t\t\t\t\t\t\t\t\t<img loading=\"lazy\" decoding=\"async\" width=\"512\" height=\"512\" src=\"https:\/\/www.lh-lf.com\/wp-content\/uploads\/2021\/10\/united-kingdom-1.png\" class=\"attachment-large size-large wp-image-26771\" alt=\"united kingdom (1)\" srcset=\"https:\/\/www.lh-lf.com\/wp-content\/uploads\/2021\/10\/united-kingdom-1.png 512w, https:\/\/www.lh-lf.com\/wp-content\/uploads\/2021\/10\/united-kingdom-1-300x300.png 300w, https:\/\/www.lh-lf.com\/wp-content\/uploads\/2021\/10\/united-kingdom-1-150x150.png 150w\" sizes=\"(max-width: 512px) 100vw, 512px\" \/>\t\t\t\t\t\t\t\t\t\t\t\t\t\t\t<\/div>\n\t\t\t\t<\/div>\n\t\t\t\t\t<\/div>\n\t\t<\/div>\n\t\t\t\t\t<\/div>\n\t\t<\/section>\n\t\t\t\t<div class=\"elementor-element elementor-element-ef30054 elementor-widget elementor-widget-gallery\" data-id=\"ef30054\" data-element_type=\"widget\" data-e-type=\"widget\" data-settings=\"{&quot;gallery_layout&quot;:&quot;masonry&quot;,&quot;columns&quot;:2,&quot;lazyload&quot;:&quot;yes&quot;,&quot;columns_tablet&quot;:2,&quot;columns_mobile&quot;:1,&quot;gap&quot;:{&quot;unit&quot;:&quot;px&quot;,&quot;size&quot;:10,&quot;sizes&quot;:[]},&quot;gap_tablet&quot;:{&quot;unit&quot;:&quot;px&quot;,&quot;size&quot;:10,&quot;sizes&quot;:[]},&quot;gap_mobile&quot;:{&quot;unit&quot;:&quot;px&quot;,&quot;size&quot;:10,&quot;sizes&quot;:[]},&quot;overlay_background&quot;:&quot;yes&quot;,&quot;content_hover_animation&quot;:&quot;fade-in&quot;}\" data-widget_type=\"gallery.default\">\n\t\t\t\t<div class=\"elementor-widget-container\">\n\t\t\t\t\t\t\t<div class=\"elementor-gallery__container\">\n\t\t\t\t\t\t\t<div class=\"e-gallery-item elementor-gallery-item elementor-animated-content\">\n\t\t\t\t\t<div class=\"e-gallery-image elementor-gallery-item__image\" data-thumbnail=\"https:\/\/www.lh-lf.com\/wp-content\/uploads\/2023\/01\/2022-lhlf-0791b-768x1154.jpg\" data-width=\"768\" data-height=\"1154\" aria-label=\"2022 lhlf 0791b\" role=\"img\" ><\/div>\n\t\t\t\t\t\t\t\t\t\t\t<div class=\"elementor-gallery-item__overlay\"><\/div>\n\t\t\t\t\t\t\t\t\t\t\t\t\t\t<\/div>\n\t\t\t\t\t\t\t<div class=\"e-gallery-item elementor-gallery-item elementor-animated-content\">\n\t\t\t\t\t<div class=\"e-gallery-image elementor-gallery-item__image\" data-thumbnail=\"https:\/\/www.lh-lf.com\/wp-content\/uploads\/2023\/01\/2022-lhlf-0755b-768x1154.jpg\" data-width=\"768\" data-height=\"1154\" aria-label=\"2022 lhlf 0755b\" role=\"img\" ><\/div>\n\t\t\t\t\t\t\t\t\t\t\t<div class=\"elementor-gallery-item__overlay\"><\/div>\n\t\t\t\t\t\t\t\t\t\t\t\t\t\t<\/div>\n\t\t\t\t\t<\/div>\n\t\t\t\t\t<\/div>\n\t\t\t\t<\/div>\n\t\t\t\t\t<\/div>\n\t\t<\/div>\n\t\t\t\t\t<\/div>\n\t\t<\/section>\n\t\t\t\t<\/div>","protected":false},"excerpt":{"rendered":"<p>Marie de REINACH HIRTZBACH Le Magazine D\u00e9cideurs \/ Leaders League, estime que Marie a une \u00ab FORTE NOTORIETE \u00bb en fiscalit\u00e9 des groupes internationaux. Belle performance pour c\u00e9l\u00e9brer sa cooptation m\u00e9rit\u00e9e ! Marie de REINACH HIRTZBACH, avocat \u00e0 la Cour, inscrite au Barreau de Paris. Avant de rejoindre LightHouse LHLF, Marie a fait partie de [&hellip;]<\/p>\n","protected":false},"author":3,"featured_media":0,"parent":0,"menu_order":0,"comment_status":"closed","ping_status":"closed","template":"","meta":{"_seopress_robots_primary_cat":"","_seopress_titles_title":"","_seopress_titles_desc":"parl\u00e9es Anglais (bilingue) et Allemand (courant)\n\nMarie de REINACH HIRTZBACH, inscrite au Barreau de Paris, a une &quot;FORTE NOTORI\u00c9T\u00c9&quot; en fiscalit\u00e9 des groupes internationaux et accompagne ses clients de la cr\u00e9ation de leur entreprise \u00e0 leur expansion internationale. Belle performance pour c\u00e9l\u00e9brer sa cooptation m\u00e9rit\u00e9e !","_seopress_robots_index":"","footnotes":""},"class_list":["post-26796","page","type-page","status-publish","hentry"],"_links":{"self":[{"href":"https:\/\/www.lh-lf.com\/en\/wp-json\/wp\/v2\/pages\/26796","targetHints":{"allow":["GET"]}}],"collection":[{"href":"https:\/\/www.lh-lf.com\/en\/wp-json\/wp\/v2\/pages"}],"about":[{"href":"https:\/\/www.lh-lf.com\/en\/wp-json\/wp\/v2\/types\/page"}],"author":[{"embeddable":true,"href":"https:\/\/www.lh-lf.com\/en\/wp-json\/wp\/v2\/users\/3"}],"replies":[{"embeddable":true,"href":"https:\/\/www.lh-lf.com\/en\/wp-json\/wp\/v2\/comments?post=26796"}],"version-history":[{"count":0,"href":"https:\/\/www.lh-lf.com\/en\/wp-json\/wp\/v2\/pages\/26796\/revisions"}],"wp:attachment":[{"href":"https:\/\/www.lh-lf.com\/en\/wp-json\/wp\/v2\/media?parent=26796"}],"curies":[{"name":"wp","href":"https:\/\/api.w.org\/{rel}","templated":true}]}}