{"id":26759,"date":"2021-10-29T12:49:04","date_gmt":"2021-10-29T10:49:04","guid":{"rendered":"https:\/\/www.lh-lf.com\/?page_id=26759"},"modified":"2023-11-20T14:35:29","modified_gmt":"2023-11-20T13:35:29","slug":"renaud-roquebert","status":"publish","type":"page","link":"https:\/\/www.lh-lf.com\/en\/renaud-roquebert\/","title":{"rendered":"Renaud Roquebert"},"content":{"rendered":"\t\t<div data-elementor-type=\"wp-page\" data-elementor-id=\"26759\" class=\"elementor elementor-26759\" data-elementor-post-type=\"page\">\n\t\t\t\t\t\t<section class=\"elementor-section elementor-top-section elementor-element elementor-element-11e0abb elementor-section-boxed elementor-section-height-default elementor-section-height-default\" data-id=\"11e0abb\" data-element_type=\"section\" data-e-type=\"section\" data-settings=\"{&quot;jet_parallax_layout_list&quot;:[]}\">\n\t\t\t\t\t\t<div class=\"elementor-container elementor-column-gap-default\">\n\t\t\t\t\t<div class=\"elementor-column elementor-col-100 elementor-top-column elementor-element elementor-element-effb568\" data-id=\"effb568\" data-element_type=\"column\" data-e-type=\"column\">\n\t\t\t<div class=\"elementor-widget-wrap elementor-element-populated\">\n\t\t\t\t\t\t<div class=\"elementor-element elementor-element-aa623dc elementor-widget elementor-widget-heading\" data-id=\"aa623dc\" data-element_type=\"widget\" data-e-type=\"widget\" data-widget_type=\"heading.default\">\n\t\t\t\t<div class=\"elementor-widget-container\">\n\t\t\t\t\t<h2 class=\"elementor-heading-title elementor-size-default\">Renaud ROQUEBERT<\/h2>\t\t\t\t<\/div>\n\t\t\t\t<\/div>\n\t\t\t\t<div class=\"elementor-element elementor-element-a926171 elementor-widget elementor-widget-heading\" data-id=\"a926171\" data-element_type=\"widget\" data-e-type=\"widget\" data-widget_type=\"heading.default\">\n\t\t\t\t<div class=\"elementor-widget-container\">\n\t\t\t\t\t<h5 class=\"elementor-heading-title elementor-size-default\"><a href=\"https:\/\/www.lh-lf.com\/lighthouse-lhlf-distingue-dans-les-classements-du-dernier-guide-strategies-financieres-et-fiscales-de-decideurs-magazine-groupe-leaders-league\/\"> Le Magazine D\u00e9cideurs \/ Leaders League, estime que Renaud est \u00ab EXCELLENT \u00bb en TVA et a une \u00abFORTE NOTORIETE\u00bb en fiscalit\u00e9 des groupes internationaux.<br>\nEt \u00e7a dure depuis presque 30 ans !<\/a><\/h5>\t\t\t\t<\/div>\n\t\t\t\t<\/div>\n\t\t\t\t<div class=\"elementor-element elementor-element-52a973a elementor-widget elementor-widget-text-editor\" data-id=\"52a973a\" data-element_type=\"widget\" data-e-type=\"widget\" data-widget_type=\"text-editor.default\">\n\t\t\t\t<div class=\"elementor-widget-container\">\n\t\t\t\t\t\t\t\t\t<p>Renaud est sp\u00e9cialiste de fiscalit\u00e9 internationale et TVA depuis presque 30 ans. Sa principale expertise consiste \u00e0 g\u00e9rer les impacts fiscaux et TVA de projets de d\u00e9veloppement internationaux pour des soci\u00e9t\u00e9s qui commercialisent leurs produits dans le monde entier.<br \/>Renaud est mari\u00e9, et p\u00e8re de 4 enfants dont il n\u2019est pas peu fier : une arch\u00e9ologue, un avocat (comme le dit la chanson \u00ab et \u00e7a continue, encore et encore\u2026 \u00bb), une experte en communication digitale et une \u00e9tudiante\u2026 en droit\u00a0!<br \/>Avant de cr\u00e9er LightHouse LHLF, Renaud \u00e9tait Directeur chez PricewaterhouseCoopers [PwC] en Europe et aux USA. Il a aussi effectu\u00e9 des missions plus ou moins longues dans d\u2019autres pays et continents. Avec sa famille, il a donc v\u00e9cu et travaill\u00e9 dans trois pays europ\u00e9ens et aux Etats-Unis (in San Francisco, California, it was great\u00a0!), et vu pas mal de pays. L\u2019international, il sait en parler car il l\u2019a litt\u00e9ralement v\u00e9cu !<br \/>Renaud est un avocat d\u2019affaires conseillant ses clients tant sur un plan op\u00e9rationnel que strat\u00e9gique. Ses mati\u00e8res de pr\u00e9dilection sont li\u00e9es \u00e0 la fiscalit\u00e9 des flux de biens et services (la vraie vie des entreprises), comme les prix de transfert et la TVA. \u00c9videmment, il d\u00e9fend aussi avec pugnacit\u00e9 ses clients lors de contr\u00f4le fiscaux.<br \/>Renaud intervient r\u00e9guli\u00e8rement dans les grandes \u00e9coles et universit\u00e9s les plus prestigieuses, pour d\u00e9livrer la bonne parole fiscale. Il est \u00e9galement membre de plusieurs organisations et associations (privil\u00e8ge de l\u2019exp\u00e9rience), dont l\u2019American Bar Association, l\u2019International Fiscal<br \/>Association, l\u2019Institut des Avocats Conseils Fiscaux, la French American Chamber of Commerce \u2013 San Francisco, et la European American Chamber of Commerce.<\/p>\t\t\t\t\t\t\t\t<\/div>\n\t\t\t\t<\/div>\n\t\t\t\t<div class=\"elementor-element elementor-element-203a3bd elementor-widget elementor-widget-text-editor\" data-id=\"203a3bd\" data-element_type=\"widget\" data-e-type=\"widget\" data-widget_type=\"text-editor.default\">\n\t\t\t\t<div class=\"elementor-widget-container\">\n\t\t\t\t\t\t\t\t\t<p><em><strong>\u00ab\u00a0La fiscalit\u00e9, c\u2019est comme le surf ou la haute montagne: \u00e7a peut \u00eatre tr\u00e8s challenging mais aussi tr\u00e8s fun !\u00a0\u00bb<\/strong><\/em><\/p>\t\t\t\t\t\t\t\t<\/div>\n\t\t\t\t<\/div>\n\t\t\t\t<div class=\"elementor-element elementor-element-bc7ad14 elementor-widget elementor-widget-heading\" data-id=\"bc7ad14\" data-element_type=\"widget\" data-e-type=\"widget\" data-widget_type=\"heading.default\">\n\t\t\t\t<div class=\"elementor-widget-container\">\n\t\t\t\t\t<h5 class=\"elementor-heading-title elementor-size-default\">Entrepreneur - Surf - Voyages<\/h5>\t\t\t\t<\/div>\n\t\t\t\t<\/div>\n\t\t\t\t\t<\/div>\n\t\t<\/div>\n\t\t\t\t\t<\/div>\n\t\t<\/section>\n\t\t\t\t<section class=\"elementor-section elementor-top-section elementor-element elementor-element-1826b60 elementor-section-boxed elementor-section-height-default elementor-section-height-default\" data-id=\"1826b60\" data-element_type=\"section\" data-e-type=\"section\" data-settings=\"{&quot;jet_parallax_layout_list&quot;:[]}\">\n\t\t\t\t\t\t<div class=\"elementor-container elementor-column-gap-wide\">\n\t\t\t\t\t<div class=\"elementor-column elementor-col-50 elementor-top-column elementor-element elementor-element-5087859\" data-id=\"5087859\" data-element_type=\"column\" data-e-type=\"column\">\n\t\t\t<div class=\"elementor-widget-wrap elementor-element-populated\">\n\t\t\t\t\t\t<div class=\"elementor-element elementor-element-c204633 elementor-widget elementor-widget-image\" data-id=\"c204633\" data-element_type=\"widget\" data-e-type=\"widget\" data-widget_type=\"image.default\">\n\t\t\t\t<div class=\"elementor-widget-container\">\n\t\t\t\t\t\t\t\t\t\t\t\t\t\t\t<img fetchpriority=\"high\" decoding=\"async\" width=\"681\" height=\"1024\" src=\"https:\/\/www.lh-lf.com\/wp-content\/uploads\/2023\/01\/2022-lhlf-9129-2b-681x1024.jpg\" class=\"attachment-large size-large wp-image-33154\" alt=\"2022 lhlf 9129 2b\" srcset=\"https:\/\/www.lh-lf.com\/wp-content\/uploads\/2023\/01\/2022-lhlf-9129-2b-681x1024.jpg 681w, https:\/\/www.lh-lf.com\/wp-content\/uploads\/2023\/01\/2022-lhlf-9129-2b-200x300.jpg 200w, https:\/\/www.lh-lf.com\/wp-content\/uploads\/2023\/01\/2022-lhlf-9129-2b-768x1154.jpg 768w, https:\/\/www.lh-lf.com\/wp-content\/uploads\/2023\/01\/2022-lhlf-9129-2b-1022x1536.jpg 1022w, https:\/\/www.lh-lf.com\/wp-content\/uploads\/2023\/01\/2022-lhlf-9129-2b-scaled.jpg 1363w, https:\/\/www.lh-lf.com\/wp-content\/uploads\/2023\/01\/2022-lhlf-9129-2b-8x12.jpg 8w\" sizes=\"(max-width: 681px) 100vw, 681px\" \/>\t\t\t\t\t\t\t\t\t\t\t\t\t\t\t<\/div>\n\t\t\t\t<\/div>\n\t\t\t\t<div class=\"elementor-element elementor-element-7b31ad7 elementor-widget elementor-widget-text-editor\" data-id=\"7b31ad7\" data-element_type=\"widget\" data-e-type=\"widget\" data-widget_type=\"text-editor.default\">\n\t\t\t\t<div class=\"elementor-widget-container\">\n\t\t\t\t\t\t\t\t\t<p><em>\u00a9 Doroth\u00e9e PIROELLE<\/em><\/p>\t\t\t\t\t\t\t\t<\/div>\n\t\t\t\t<\/div>\n\t\t\t\t<div class=\"elementor-element elementor-element-0df6e77 elementor-widget elementor-widget-gallery\" data-id=\"0df6e77\" data-element_type=\"widget\" data-e-type=\"widget\" data-settings=\"{&quot;gallery_layout&quot;:&quot;masonry&quot;,&quot;columns&quot;:2,&quot;lazyload&quot;:&quot;yes&quot;,&quot;columns_tablet&quot;:2,&quot;columns_mobile&quot;:1,&quot;gap&quot;:{&quot;unit&quot;:&quot;px&quot;,&quot;size&quot;:10,&quot;sizes&quot;:[]},&quot;gap_tablet&quot;:{&quot;unit&quot;:&quot;px&quot;,&quot;size&quot;:10,&quot;sizes&quot;:[]},&quot;gap_mobile&quot;:{&quot;unit&quot;:&quot;px&quot;,&quot;size&quot;:10,&quot;sizes&quot;:[]},&quot;overlay_background&quot;:&quot;yes&quot;,&quot;content_hover_animation&quot;:&quot;fade-in&quot;}\" data-widget_type=\"gallery.default\">\n\t\t\t\t<div class=\"elementor-widget-container\">\n\t\t\t\t\t\t\t<div class=\"elementor-gallery__container\">\n\t\t\t\t\t\t\t<div class=\"e-gallery-item elementor-gallery-item elementor-animated-content\">\n\t\t\t\t\t<div class=\"e-gallery-image elementor-gallery-item__image\" data-thumbnail=\"https:\/\/www.lh-lf.com\/wp-content\/uploads\/2023\/01\/2022-lhlf-0147b-768x1154.jpg\" data-width=\"768\" data-height=\"1154\" aria-label=\"2022 lhlf 0147b\" role=\"img\" ><\/div>\n\t\t\t\t\t\t\t\t\t\t\t<div class=\"elementor-gallery-item__overlay\"><\/div>\n\t\t\t\t\t\t\t\t\t\t\t\t\t\t<\/div>\n\t\t\t\t\t\t\t<div class=\"e-gallery-item elementor-gallery-item elementor-animated-content\">\n\t\t\t\t\t<div class=\"e-gallery-image elementor-gallery-item__image\" data-thumbnail=\"https:\/\/www.lh-lf.com\/wp-content\/uploads\/2023\/01\/2022-lhlf-0221b-768x1154.jpg\" data-width=\"768\" data-height=\"1154\" aria-label=\"2022 lhlf 0221b\" role=\"img\" ><\/div>\n\t\t\t\t\t\t\t\t\t\t\t<div class=\"elementor-gallery-item__overlay\"><\/div>\n\t\t\t\t\t\t\t\t\t\t\t\t\t\t<\/div>\n\t\t\t\t\t<\/div>\n\t\t\t\t\t<\/div>\n\t\t\t\t<\/div>\n\t\t\t\t\t<\/div>\n\t\t<\/div>\n\t\t\t\t<div class=\"elementor-column elementor-col-50 elementor-top-column elementor-element elementor-element-663b5c5\" data-id=\"663b5c5\" data-element_type=\"column\" data-e-type=\"column\">\n\t\t\t<div class=\"elementor-widget-wrap elementor-element-populated\">\n\t\t\t\t\t\t<div class=\"elementor-element elementor-element-00e9a48 elementor-widget elementor-widget-heading\" data-id=\"00e9a48\" data-element_type=\"widget\" data-e-type=\"widget\" data-widget_type=\"heading.default\">\n\t\t\t\t<div class=\"elementor-widget-container\">\n\t\t\t\t\t<h2 class=\"elementor-heading-title elementor-size-default\">Formation<\/h2>\t\t\t\t<\/div>\n\t\t\t\t<\/div>\n\t\t\t\t<div class=\"elementor-element elementor-element-6452825 elementor-widget elementor-widget-text-editor\" data-id=\"6452825\" data-element_type=\"widget\" data-e-type=\"widget\" data-widget_type=\"text-editor.default\">\n\t\t\t\t<div class=\"elementor-widget-container\">\n\t\t\t\t\t\t\t\t\t<div><ul><li>Stanford University Graduate School of Business, Californie, USA \u2013 EPGC<\/li><\/ul><\/div><div><ul><li>Master de Gestion Fiscale de l\u2019Entreprise (Universit\u00e9 Paris-Dauphine)<\/li><\/ul><\/div><div><ul><li>Master en Droit des Affaires et Droit Fiscal (Universit\u00e9 Paris II Panth\u00e9on-Assas)<\/li><\/ul><\/div><div><ul><li>Master en Droit Priv\u00e9, Carri\u00e8res Judiciaires (Universit\u00e9 Paris II Panth\u00e9on-Assas)<\/li><\/ul><\/div>\t\t\t\t\t\t\t\t<\/div>\n\t\t\t\t<\/div>\n\t\t\t\t<div class=\"elementor-element elementor-element-214c613 elementor-widget elementor-widget-image\" data-id=\"214c613\" data-element_type=\"widget\" data-e-type=\"widget\" data-widget_type=\"image.default\">\n\t\t\t\t<div class=\"elementor-widget-container\">\n\t\t\t\t\t\t\t\t\t\t\t\t\t\t\t<img decoding=\"async\" width=\"1579\" height=\"706\" src=\"https:\/\/www.lh-lf.com\/wp-content\/uploads\/2021\/10\/logo_barreau.png\" class=\"attachment-full size-full wp-image-26768\" alt=\"logo barreau\" srcset=\"https:\/\/www.lh-lf.com\/wp-content\/uploads\/2021\/10\/logo_barreau.png 1579w, https:\/\/www.lh-lf.com\/wp-content\/uploads\/2021\/10\/logo_barreau-300x134.png 300w, https:\/\/www.lh-lf.com\/wp-content\/uploads\/2021\/10\/logo_barreau-1024x458.png 1024w, https:\/\/www.lh-lf.com\/wp-content\/uploads\/2021\/10\/logo_barreau-768x343.png 768w, https:\/\/www.lh-lf.com\/wp-content\/uploads\/2021\/10\/logo_barreau-1536x687.png 1536w\" sizes=\"(max-width: 1579px) 100vw, 1579px\" \/>\t\t\t\t\t\t\t\t\t\t\t\t\t\t\t<\/div>\n\t\t\t\t<\/div>\n\t\t\t\t<div class=\"elementor-element elementor-element-be8145b elementor-widget elementor-widget-heading\" data-id=\"be8145b\" data-element_type=\"widget\" data-e-type=\"widget\" data-widget_type=\"heading.default\">\n\t\t\t\t<div class=\"elementor-widget-container\">\n\t\t\t\t\t<h2 class=\"elementor-heading-title elementor-size-default\">Langues<\/h2>\t\t\t\t<\/div>\n\t\t\t\t<\/div>\n\t\t\t\t<section class=\"elementor-section elementor-inner-section elementor-element elementor-element-2e5976a elementor-section-boxed elementor-section-height-default elementor-section-height-default\" data-id=\"2e5976a\" data-element_type=\"section\" data-e-type=\"section\" data-settings=\"{&quot;jet_parallax_layout_list&quot;:[]}\">\n\t\t\t\t\t\t<div class=\"elementor-container elementor-column-gap-default\">\n\t\t\t\t\t<div class=\"elementor-column elementor-col-50 elementor-inner-column elementor-element elementor-element-dc2399b\" data-id=\"dc2399b\" data-element_type=\"column\" data-e-type=\"column\">\n\t\t\t<div class=\"elementor-widget-wrap elementor-element-populated\">\n\t\t\t\t\t\t<div class=\"elementor-element elementor-element-8df8849 elementor-widget elementor-widget-image\" data-id=\"8df8849\" data-element_type=\"widget\" data-e-type=\"widget\" data-widget_type=\"image.default\">\n\t\t\t\t<div class=\"elementor-widget-container\">\n\t\t\t\t\t\t\t\t\t\t\t\t\t\t\t<img decoding=\"async\" width=\"150\" height=\"150\" src=\"https:\/\/www.lh-lf.com\/wp-content\/uploads\/2021\/10\/france-150x150.png\" class=\"attachment-thumbnail size-thumbnail wp-image-26770\" alt=\"france\" srcset=\"https:\/\/www.lh-lf.com\/wp-content\/uploads\/2021\/10\/france-150x150.png 150w, https:\/\/www.lh-lf.com\/wp-content\/uploads\/2021\/10\/france-300x300.png 300w, https:\/\/www.lh-lf.com\/wp-content\/uploads\/2021\/10\/france.png 512w\" sizes=\"(max-width: 150px) 100vw, 150px\" \/>\t\t\t\t\t\t\t\t\t\t\t\t\t\t\t<\/div>\n\t\t\t\t<\/div>\n\t\t\t\t\t<\/div>\n\t\t<\/div>\n\t\t\t\t<div class=\"elementor-column elementor-col-50 elementor-inner-column elementor-element elementor-element-1ac835d\" data-id=\"1ac835d\" data-element_type=\"column\" data-e-type=\"column\">\n\t\t\t<div class=\"elementor-widget-wrap elementor-element-populated\">\n\t\t\t\t\t\t<div class=\"elementor-element elementor-element-01ebb67 elementor-widget elementor-widget-image\" data-id=\"01ebb67\" data-element_type=\"widget\" data-e-type=\"widget\" data-widget_type=\"image.default\">\n\t\t\t\t<div class=\"elementor-widget-container\">\n\t\t\t\t\t\t\t\t\t\t\t\t\t\t\t<img loading=\"lazy\" decoding=\"async\" width=\"512\" height=\"512\" src=\"https:\/\/www.lh-lf.com\/wp-content\/uploads\/2021\/11\/united-states.png\" class=\"attachment-large size-large wp-image-26977\" alt=\"united states\" srcset=\"https:\/\/www.lh-lf.com\/wp-content\/uploads\/2021\/11\/united-states.png 512w, https:\/\/www.lh-lf.com\/wp-content\/uploads\/2021\/11\/united-states-300x300.png 300w, https:\/\/www.lh-lf.com\/wp-content\/uploads\/2021\/11\/united-states-150x150.png 150w\" sizes=\"(max-width: 512px) 100vw, 512px\" \/>\t\t\t\t\t\t\t\t\t\t\t\t\t\t\t<\/div>\n\t\t\t\t<\/div>\n\t\t\t\t\t<\/div>\n\t\t<\/div>\n\t\t\t\t\t<\/div>\n\t\t<\/section>\n\t\t\t\t<div class=\"elementor-element elementor-element-13bfff6 elementor-widget elementor-widget-heading\" data-id=\"13bfff6\" data-element_type=\"widget\" data-e-type=\"widget\" data-widget_type=\"heading.default\">\n\t\t\t\t<div class=\"elementor-widget-container\">\n\t\t\t\t\t<h2 class=\"elementor-heading-title elementor-size-default\">Associations<\/h2>\t\t\t\t<\/div>\n\t\t\t\t<\/div>\n\t\t\t\t<div class=\"elementor-element elementor-element-09f198b elementor-arrows-position-outside elementor-pagination-position-outside elementor-widget elementor-widget-image-carousel\" data-id=\"09f198b\" data-element_type=\"widget\" data-e-type=\"widget\" data-settings=\"{&quot;slides_to_show&quot;:&quot;4&quot;,&quot;navigation&quot;:&quot;both&quot;,&quot;autoplay&quot;:&quot;yes&quot;,&quot;pause_on_hover&quot;:&quot;yes&quot;,&quot;pause_on_interaction&quot;:&quot;yes&quot;,&quot;autoplay_speed&quot;:5000,&quot;infinite&quot;:&quot;yes&quot;,&quot;speed&quot;:500}\" data-widget_type=\"image-carousel.default\">\n\t\t\t\t<div class=\"elementor-widget-container\">\n\t\t\t\t\t\t\t<div class=\"elementor-image-carousel-wrapper swiper\" role=\"region\" aria-roledescription=\"carousel\" aria-label=\"Carrousel d\u2019images\" dir=\"ltr\">\n\t\t\t<div class=\"elementor-image-carousel swiper-wrapper\" aria-live=\"off\">\n\t\t\t\t\t\t\t\t<div class=\"swiper-slide\" role=\"group\" aria-roledescription=\"slide\" aria-label=\"1 sur 4\"><figure class=\"swiper-slide-inner\"><img decoding=\"async\" class=\"swiper-slide-image\" src=\"https:\/\/www.lh-lf.com\/wp-content\/uploads\/2021\/11\/OZphxML3_400x400-150x150.png\" alt=\"ozphxml3 400x400\" \/><\/figure><\/div><div class=\"swiper-slide\" role=\"group\" aria-roledescription=\"slide\" aria-label=\"2 sur 4\"><figure class=\"swiper-slide-inner\"><img decoding=\"async\" class=\"swiper-slide-image\" src=\"https:\/\/www.lh-lf.com\/wp-content\/uploads\/2021\/11\/download-150x150.jpg\" alt=\"download\" \/><\/figure><\/div><div class=\"swiper-slide\" role=\"group\" aria-roledescription=\"slide\" aria-label=\"3 sur 4\"><figure class=\"swiper-slide-inner\"><img decoding=\"async\" class=\"swiper-slide-image\" src=\"https:\/\/www.lh-lf.com\/wp-content\/uploads\/2021\/11\/IFA-150x150.png\" alt=\"ifa\" \/><\/figure><\/div><div class=\"swiper-slide\" role=\"group\" aria-roledescription=\"slide\" aria-label=\"4 sur 4\"><figure class=\"swiper-slide-inner\"><img decoding=\"async\" class=\"swiper-slide-image\" src=\"https:\/\/www.lh-lf.com\/wp-content\/uploads\/2021\/11\/iba-banner-150x150.jpg\" alt=\"iba banner\" \/><\/figure><\/div>\t\t\t<\/div>\n\t\t\t\t\t\t\t\t\t\t\t\t<div class=\"elementor-swiper-button elementor-swiper-button-prev\" role=\"button\" tabindex=\"0\">\n\t\t\t\t\t\t<svg aria-hidden=\"true\" class=\"e-font-icon-svg e-eicon-chevron-left\" viewBox=\"0 0 1000 1000\" xmlns=\"http:\/\/www.w3.org\/2000\/svg\"><path d=\"M646 125C629 125 613 133 604 142L308 442C296 454 292 471 292 487 292 504 296 521 308 533L604 854C617 867 629 875 646 875 663 875 679 871 692 858 704 846 713 829 713 812 713 796 708 779 692 767L438 487 692 225C700 217 708 204 708 187 708 171 704 154 692 142 675 129 663 125 646 125Z\"><\/path><\/svg>\t\t\t\t\t<\/div>\n\t\t\t\t\t<div class=\"elementor-swiper-button elementor-swiper-button-next\" role=\"button\" tabindex=\"0\">\n\t\t\t\t\t\t<svg aria-hidden=\"true\" class=\"e-font-icon-svg e-eicon-chevron-right\" viewBox=\"0 0 1000 1000\" xmlns=\"http:\/\/www.w3.org\/2000\/svg\"><path d=\"M696 533C708 521 713 504 713 487 713 471 708 454 696 446L400 146C388 133 375 125 354 125 338 125 325 129 313 142 300 154 292 171 292 187 292 204 296 221 308 233L563 492 304 771C292 783 288 800 288 817 288 833 296 850 308 863 321 871 338 875 354 875 371 875 388 867 400 854L696 533Z\"><\/path><\/svg>\t\t\t\t\t<\/div>\n\t\t\t\t\n\t\t\t\t\t\t\t\t\t<div class=\"swiper-pagination\"><\/div>\n\t\t\t\t\t\t\t\t\t<\/div>\n\t\t\t\t\t\t<\/div>\n\t\t\t\t<\/div>\n\t\t\t\t\t<\/div>\n\t\t<\/div>\n\t\t\t\t\t<\/div>\n\t\t<\/section>\n\t\t\t\t<\/div>\n\t\t","protected":false},"excerpt":{"rendered":"<p>Renaud ROQUEBERT Le Magazine D\u00e9cideurs \/ Leaders League, estime que Renaud est \u00ab EXCELLENT \u00bb en TVA et a une \u00abFORTE NOTORIETE\u00bb en fiscalit\u00e9 des groupes internationaux. Et \u00e7a dure depuis presque 30 ans ! Renaud est sp\u00e9cialiste de fiscalit\u00e9 internationale et TVA depuis presque 30 ans. Sa principale expertise consiste \u00e0 g\u00e9rer les impacts [&hellip;]<\/p>\n","protected":false},"author":3,"featured_media":0,"parent":0,"menu_order":0,"comment_status":"closed","ping_status":"closed","template":"","meta":{"_seopress_robots_primary_cat":"","_seopress_titles_title":"","_seopress_titles_desc":"","_seopress_robots_index":"","footnotes":""},"class_list":["post-26759","page","type-page","status-publish","hentry"],"_links":{"self":[{"href":"https:\/\/www.lh-lf.com\/en\/wp-json\/wp\/v2\/pages\/26759","targetHints":{"allow":["GET"]}}],"collection":[{"href":"https:\/\/www.lh-lf.com\/en\/wp-json\/wp\/v2\/pages"}],"about":[{"href":"https:\/\/www.lh-lf.com\/en\/wp-json\/wp\/v2\/types\/page"}],"author":[{"embeddable":true,"href":"https:\/\/www.lh-lf.com\/en\/wp-json\/wp\/v2\/users\/3"}],"replies":[{"embeddable":true,"href":"https:\/\/www.lh-lf.com\/en\/wp-json\/wp\/v2\/comments?post=26759"}],"version-history":[{"count":0,"href":"https:\/\/www.lh-lf.com\/en\/wp-json\/wp\/v2\/pages\/26759\/revisions"}],"wp:attachment":[{"href":"https:\/\/www.lh-lf.com\/en\/wp-json\/wp\/v2\/media?parent=26759"}],"curies":[{"name":"wp","href":"https:\/\/api.w.org\/{rel}","templated":true}]}}