{"id":1771,"date":"2014-03-03T15:51:05","date_gmt":"2014-03-03T14:51:05","guid":{"rendered":"https:\/\/www.lh-lf.com\/NewSite\/?page_id=1771"},"modified":"2023-11-10T10:52:56","modified_gmt":"2023-11-10T09:52:56","slug":"slideshowequipe","status":"publish","type":"page","link":"https:\/\/www.lh-lf.com\/en\/slideshowequipe\/","title":{"rendered":"Le making of"},"content":{"rendered":"<div data-elementor-type=\"wp-page\" data-elementor-id=\"1771\" class=\"elementor elementor-1771\" data-elementor-post-type=\"page\">\n\t\t\t\t\t\t<section class=\"elementor-section elementor-top-section elementor-element elementor-element-eac974e elementor-section-boxed elementor-section-height-default elementor-section-height-default\" data-id=\"eac974e\" data-element_type=\"section\" data-e-type=\"section\" data-settings=\"{&quot;jet_parallax_layout_list&quot;:[]}\">\n\t\t\t\t\t\t<div class=\"elementor-container elementor-column-gap-default\">\n\t\t\t\t\t<div class=\"elementor-column elementor-col-100 elementor-top-column elementor-element elementor-element-728c397\" data-id=\"728c397\" data-element_type=\"column\" data-e-type=\"column\">\n\t\t\t<div class=\"elementor-widget-wrap elementor-element-populated\">\n\t\t\t\t\t\t<div class=\"elementor-element elementor-element-388b596 elementor-widget elementor-widget-heading\" data-id=\"388b596\" data-element_type=\"widget\" data-e-type=\"widget\" data-widget_type=\"heading.default\">\n\t\t\t\t<div class=\"elementor-widget-container\">\n\t\t\t\t\t<h1 class=\"elementor-heading-title elementor-size-default\">Le making of ...<\/h1>\t\t\t\t<\/div>\n\t\t\t\t<\/div>\n\t\t\t\t<div class=\"elementor-element elementor-element-1d7a554 elementor-widget elementor-widget-text-editor\" data-id=\"1d7a554\" data-element_type=\"widget\" data-e-type=\"widget\" data-widget_type=\"text-editor.default\">\n\t\t\t\t<div class=\"elementor-widget-container\">\n\t\t\t\t\t\t\t\t\t<p><em>\u00a9 Doroth\u00e9e PIROELLE<\/em><\/p>\t\t\t\t\t\t\t\t<\/div>\n\t\t\t\t<\/div>\n\t\t\t\t\t<\/div>\n\t\t<\/div>\n\t\t\t\t\t<\/div>\n\t\t<\/section>\n\t\t\t\t<section class=\"elementor-section elementor-top-section elementor-element elementor-element-8d20a94 elementor-section-boxed elementor-section-height-default elementor-section-height-default\" data-id=\"8d20a94\" data-element_type=\"section\" data-e-type=\"section\" data-settings=\"{&quot;jet_parallax_layout_list&quot;:[]}\">\n\t\t\t\t\t\t<div class=\"elementor-container elementor-column-gap-default\">\n\t\t\t\t\t<div class=\"elementor-column elementor-col-100 elementor-top-column elementor-element elementor-element-2361065\" data-id=\"2361065\" data-element_type=\"column\" data-e-type=\"column\">\n\t\t\t<div class=\"elementor-widget-wrap elementor-element-populated\">\n\t\t\t\t\t\t<div class=\"elementor-element elementor-element-d1bf514 elementor-widget elementor-widget-gallery\" data-id=\"d1bf514\" data-element_type=\"widget\" data-e-type=\"widget\" data-settings=\"{&quot;gallery_layout&quot;:&quot;masonry&quot;,&quot;columns&quot;:3,&quot;lazyload&quot;:&quot;yes&quot;,&quot;columns_tablet&quot;:2,&quot;columns_mobile&quot;:1,&quot;gap&quot;:{&quot;unit&quot;:&quot;px&quot;,&quot;size&quot;:10,&quot;sizes&quot;:[]},&quot;gap_tablet&quot;:{&quot;unit&quot;:&quot;px&quot;,&quot;size&quot;:10,&quot;sizes&quot;:[]},&quot;gap_mobile&quot;:{&quot;unit&quot;:&quot;px&quot;,&quot;size&quot;:10,&quot;sizes&quot;:[]},&quot;link_to&quot;:&quot;file&quot;,&quot;overlay_background&quot;:&quot;yes&quot;,&quot;content_hover_animation&quot;:&quot;fade-in&quot;}\" data-widget_type=\"gallery.default\">\n\t\t\t\t<div class=\"elementor-widget-container\">\n\t\t\t\t\t\t\t<div class=\"elementor-gallery__container\">\n\t\t\t\t\t\t\t<a class=\"e-gallery-item elementor-gallery-item elementor-animated-content\" href=\"https:\/\/www.lh-lf.com\/wp-content\/uploads\/2023\/01\/2022-lhlf-9177_websize.jpg\" data-elementor-open-lightbox=\"yes\" data-elementor-lightbox-slideshow=\"d1bf514\" data-elementor-lightbox-title=\"lhlf\" data-elementor-lightbox-description=\"lhlf\" data-e-action-hash=\"#elementor-action%3Aaction%3Dlightbox%26settings%3DeyJpZCI6MzMyODIsInVybCI6Imh0dHBzOlwvXC93d3cubGgtbGYuY29tXC93cC1jb250ZW50XC91cGxvYWRzXC8yMDIzXC8wMVwvMjAyMi1saGxmLTkxNzdfd2Vic2l6ZS5qcGciLCJzbGlkZXNob3ciOiJkMWJmNTE0In0%3D\">\n\t\t\t\t\t<div class=\"e-gallery-image elementor-gallery-item__image\" data-thumbnail=\"https:\/\/www.lh-lf.com\/wp-content\/uploads\/2023\/01\/2022-lhlf-9177_websize-768x511.jpg\" data-width=\"768\" data-height=\"511\" aria-label=\"lhlf\" role=\"img\" ><\/div>\n\t\t\t\t\t\t\t\t\t\t\t<div class=\"elementor-gallery-item__overlay\"><\/div>\n\t\t\t\t\t\t\t\t\t\t\t\t\t\t<\/a>\n\t\t\t\t\t\t\t<a class=\"e-gallery-item elementor-gallery-item elementor-animated-content\" href=\"https:\/\/www.lh-lf.com\/wp-content\/uploads\/2023\/01\/2022-lhlf-9117c_websize.jpg\" data-elementor-open-lightbox=\"yes\" data-elementor-lightbox-slideshow=\"d1bf514\" data-elementor-lightbox-title=\"lhlf\" data-elementor-lightbox-description=\"lhlf\" data-e-action-hash=\"#elementor-action%3Aaction%3Dlightbox%26settings%3DeyJpZCI6MzMyODEsInVybCI6Imh0dHBzOlwvXC93d3cubGgtbGYuY29tXC93cC1jb250ZW50XC91cGxvYWRzXC8yMDIzXC8wMVwvMjAyMi1saGxmLTkxMTdjX3dlYnNpemUuanBnIiwic2xpZGVzaG93IjoiZDFiZjUxNCJ9\">\n\t\t\t\t\t<div class=\"e-gallery-image elementor-gallery-item__image\" data-thumbnail=\"https:\/\/www.lh-lf.com\/wp-content\/uploads\/2023\/01\/2022-lhlf-9117c_websize-768x511.jpg\" data-width=\"768\" data-height=\"511\" aria-label=\"lhlf\" role=\"img\" ><\/div>\n\t\t\t\t\t\t\t\t\t\t\t<div class=\"elementor-gallery-item__overlay\"><\/div>\n\t\t\t\t\t\t\t\t\t\t\t\t\t\t<\/a>\n\t\t\t\t\t\t\t<a class=\"e-gallery-item elementor-gallery-item elementor-animated-content\" href=\"https:\/\/www.lh-lf.com\/wp-content\/uploads\/2023\/01\/2022-lhlf-9111_websize.jpg\" data-elementor-open-lightbox=\"yes\" data-elementor-lightbox-slideshow=\"d1bf514\" data-elementor-lightbox-title=\"lhlf\" data-elementor-lightbox-description=\"lhlf\" data-e-action-hash=\"#elementor-action%3Aaction%3Dlightbox%26settings%3DeyJpZCI6MzMyODAsInVybCI6Imh0dHBzOlwvXC93d3cubGgtbGYuY29tXC93cC1jb250ZW50XC91cGxvYWRzXC8yMDIzXC8wMVwvMjAyMi1saGxmLTkxMTFfd2Vic2l6ZS5qcGciLCJzbGlkZXNob3ciOiJkMWJmNTE0In0%3D\">\n\t\t\t\t\t<div class=\"e-gallery-image elementor-gallery-item__image\" data-thumbnail=\"https:\/\/www.lh-lf.com\/wp-content\/uploads\/2023\/01\/2022-lhlf-9111_websize-768x511.jpg\" data-width=\"768\" data-height=\"511\" aria-label=\"lhlf\" role=\"img\" ><\/div>\n\t\t\t\t\t\t\t\t\t\t\t<div class=\"elementor-gallery-item__overlay\"><\/div>\n\t\t\t\t\t\t\t\t\t\t\t\t\t\t<\/a>\n\t\t\t\t\t\t\t<a class=\"e-gallery-item elementor-gallery-item elementor-animated-content\" href=\"https:\/\/www.lh-lf.com\/wp-content\/uploads\/2023\/01\/2022-lhlf-9064-2_websize.jpg\" data-elementor-open-lightbox=\"yes\" data-elementor-lightbox-slideshow=\"d1bf514\" data-elementor-lightbox-title=\"lhlf\" data-elementor-lightbox-description=\"lhlf\" data-e-action-hash=\"#elementor-action%3Aaction%3Dlightbox%26settings%3DeyJpZCI6MzMyNzksInVybCI6Imh0dHBzOlwvXC93d3cubGgtbGYuY29tXC93cC1jb250ZW50XC91cGxvYWRzXC8yMDIzXC8wMVwvMjAyMi1saGxmLTkwNjQtMl93ZWJzaXplLmpwZyIsInNsaWRlc2hvdyI6ImQxYmY1MTQifQ%3D%3D\">\n\t\t\t\t\t<div class=\"e-gallery-image elementor-gallery-item__image\" data-thumbnail=\"https:\/\/www.lh-lf.com\/wp-content\/uploads\/2023\/01\/2022-lhlf-9064-2_websize-768x511.jpg\" data-width=\"768\" data-height=\"511\" aria-label=\"lhlf\" role=\"img\" ><\/div>\n\t\t\t\t\t\t\t\t\t\t\t<div class=\"elementor-gallery-item__overlay\"><\/div>\n\t\t\t\t\t\t\t\t\t\t\t\t\t\t<\/a>\n\t\t\t\t\t\t\t<a class=\"e-gallery-item elementor-gallery-item elementor-animated-content\" href=\"https:\/\/www.lh-lf.com\/wp-content\/uploads\/2023\/01\/2022-lhlf-9023-2_websize.jpg\" data-elementor-open-lightbox=\"yes\" data-elementor-lightbox-slideshow=\"d1bf514\" data-elementor-lightbox-title=\"lhlf\" data-elementor-lightbox-description=\"lhlf\" data-e-action-hash=\"#elementor-action%3Aaction%3Dlightbox%26settings%3DeyJpZCI6MzMyNzgsInVybCI6Imh0dHBzOlwvXC93d3cubGgtbGYuY29tXC93cC1jb250ZW50XC91cGxvYWRzXC8yMDIzXC8wMVwvMjAyMi1saGxmLTkwMjMtMl93ZWJzaXplLmpwZyIsInNsaWRlc2hvdyI6ImQxYmY1MTQifQ%3D%3D\">\n\t\t\t\t\t<div class=\"e-gallery-image elementor-gallery-item__image\" data-thumbnail=\"https:\/\/www.lh-lf.com\/wp-content\/uploads\/2023\/01\/2022-lhlf-9023-2_websize-768x511.jpg\" data-width=\"768\" data-height=\"511\" aria-label=\"lhlf\" role=\"img\" ><\/div>\n\t\t\t\t\t\t\t\t\t\t\t<div class=\"elementor-gallery-item__overlay\"><\/div>\n\t\t\t\t\t\t\t\t\t\t\t\t\t\t<\/a>\n\t\t\t\t\t\t\t<a class=\"e-gallery-item elementor-gallery-item elementor-animated-content\" href=\"https:\/\/www.lh-lf.com\/wp-content\/uploads\/2023\/01\/2022-lhlf-8960_websize.jpg\" data-elementor-open-lightbox=\"yes\" data-elementor-lightbox-slideshow=\"d1bf514\" data-elementor-lightbox-title=\"lhlf\" data-elementor-lightbox-description=\"lhlf\" data-e-action-hash=\"#elementor-action%3Aaction%3Dlightbox%26settings%3DeyJpZCI6MzMyNzYsInVybCI6Imh0dHBzOlwvXC93d3cubGgtbGYuY29tXC93cC1jb250ZW50XC91cGxvYWRzXC8yMDIzXC8wMVwvMjAyMi1saGxmLTg5NjBfd2Vic2l6ZS5qcGciLCJzbGlkZXNob3ciOiJkMWJmNTE0In0%3D\">\n\t\t\t\t\t<div class=\"e-gallery-image elementor-gallery-item__image\" data-thumbnail=\"https:\/\/www.lh-lf.com\/wp-content\/uploads\/2023\/01\/2022-lhlf-8960_websize-768x397.jpg\" data-width=\"768\" data-height=\"397\" aria-label=\"lhlf\" role=\"img\" ><\/div>\n\t\t\t\t\t\t\t\t\t\t\t<div class=\"elementor-gallery-item__overlay\"><\/div>\n\t\t\t\t\t\t\t\t\t\t\t\t\t\t<\/a>\n\t\t\t\t\t\t\t<a class=\"e-gallery-item elementor-gallery-item elementor-animated-content\" href=\"https:\/\/www.lh-lf.com\/wp-content\/uploads\/2023\/01\/2022-lhlf-8932-2_websize.jpg\" data-elementor-open-lightbox=\"yes\" data-elementor-lightbox-slideshow=\"d1bf514\" data-elementor-lightbox-title=\"lhlf\" data-elementor-lightbox-description=\"lhlf\" data-e-action-hash=\"#elementor-action%3Aaction%3Dlightbox%26settings%3DeyJpZCI6MzMyNzUsInVybCI6Imh0dHBzOlwvXC93d3cubGgtbGYuY29tXC93cC1jb250ZW50XC91cGxvYWRzXC8yMDIzXC8wMVwvMjAyMi1saGxmLTg5MzItMl93ZWJzaXplLmpwZyIsInNsaWRlc2hvdyI6ImQxYmY1MTQifQ%3D%3D\">\n\t\t\t\t\t<div class=\"e-gallery-image elementor-gallery-item__image\" data-thumbnail=\"https:\/\/www.lh-lf.com\/wp-content\/uploads\/2023\/01\/2022-lhlf-8932-2_websize-768x511.jpg\" data-width=\"768\" data-height=\"511\" aria-label=\"lhlf\" role=\"img\" ><\/div>\n\t\t\t\t\t\t\t\t\t\t\t<div class=\"elementor-gallery-item__overlay\"><\/div>\n\t\t\t\t\t\t\t\t\t\t\t\t\t\t<\/a>\n\t\t\t\t\t\t\t<a class=\"e-gallery-item elementor-gallery-item elementor-animated-content\" href=\"https:\/\/www.lh-lf.com\/wp-content\/uploads\/2023\/01\/2022-lhlf-8857_websize.jpg\" data-elementor-open-lightbox=\"yes\" data-elementor-lightbox-slideshow=\"d1bf514\" data-elementor-lightbox-title=\"lhlf\" data-elementor-lightbox-description=\"lhlf\" data-e-action-hash=\"#elementor-action%3Aaction%3Dlightbox%26settings%3DeyJpZCI6MzMyNzQsInVybCI6Imh0dHBzOlwvXC93d3cubGgtbGYuY29tXC93cC1jb250ZW50XC91cGxvYWRzXC8yMDIzXC8wMVwvMjAyMi1saGxmLTg4NTdfd2Vic2l6ZS5qcGciLCJzbGlkZXNob3ciOiJkMWJmNTE0In0%3D\">\n\t\t\t\t\t<div class=\"e-gallery-image elementor-gallery-item__image\" data-thumbnail=\"https:\/\/www.lh-lf.com\/wp-content\/uploads\/2023\/01\/2022-lhlf-8857_websize-768x511.jpg\" data-width=\"768\" data-height=\"511\" aria-label=\"lhlf\" role=\"img\" ><\/div>\n\t\t\t\t\t\t\t\t\t\t\t<div class=\"elementor-gallery-item__overlay\"><\/div>\n\t\t\t\t\t\t\t\t\t\t\t\t\t\t<\/a>\n\t\t\t\t\t\t\t<a class=\"e-gallery-item elementor-gallery-item elementor-animated-content\" href=\"https:\/\/www.lh-lf.com\/wp-content\/uploads\/2023\/01\/2022-lhlf-8821_websize.jpg\" data-elementor-open-lightbox=\"yes\" data-elementor-lightbox-slideshow=\"d1bf514\" data-elementor-lightbox-title=\"lhlf\" data-elementor-lightbox-description=\"lhlf\" data-e-action-hash=\"#elementor-action%3Aaction%3Dlightbox%26settings%3DeyJpZCI6MzMyNzMsInVybCI6Imh0dHBzOlwvXC93d3cubGgtbGYuY29tXC93cC1jb250ZW50XC91cGxvYWRzXC8yMDIzXC8wMVwvMjAyMi1saGxmLTg4MjFfd2Vic2l6ZS5qcGciLCJzbGlkZXNob3ciOiJkMWJmNTE0In0%3D\">\n\t\t\t\t\t<div class=\"e-gallery-image elementor-gallery-item__image\" data-thumbnail=\"https:\/\/www.lh-lf.com\/wp-content\/uploads\/2023\/01\/2022-lhlf-8821_websize-768x506.jpg\" data-width=\"768\" data-height=\"506\" aria-label=\"lhlf\" role=\"img\" ><\/div>\n\t\t\t\t\t\t\t\t\t\t\t<div class=\"elementor-gallery-item__overlay\"><\/div>\n\t\t\t\t\t\t\t\t\t\t\t\t\t\t<\/a>\n\t\t\t\t\t<\/div>\n\t\t\t\t\t<\/div>\n\t\t\t\t<\/div>\n\t\t\t\t\t<\/div>\n\t\t<\/div>\n\t\t\t\t\t<\/div>\n\t\t<\/section>\n\t\t\t\t<\/div>","protected":false},"excerpt":{"rendered":"<p>Le making of &#8230; \u00a9 Doroth\u00e9e PIROELLE<\/p>","protected":false},"author":6,"featured_media":0,"parent":0,"menu_order":0,"comment_status":"closed","ping_status":"closed","template":"elementor_header_footer","meta":{"_seopress_robots_primary_cat":"","_seopress_titles_title":"","_seopress_titles_desc":"Une exploration visuelle int\u00e9ressante et divertissante dans le making of\u2026 par Doroth\u00e9e PIROELLE, venez d\u00e9couvrir le travail derri\u00e8re une sc\u00e8ne film\u00e9e!","_seopress_robots_index":"yes","footnotes":""},"class_list":["post-1771","page","type-page","status-publish","hentry"],"_links":{"self":[{"href":"https:\/\/www.lh-lf.com\/en\/wp-json\/wp\/v2\/pages\/1771","targetHints":{"allow":["GET"]}}],"collection":[{"href":"https:\/\/www.lh-lf.com\/en\/wp-json\/wp\/v2\/pages"}],"about":[{"href":"https:\/\/www.lh-lf.com\/en\/wp-json\/wp\/v2\/types\/page"}],"author":[{"embeddable":true,"href":"https:\/\/www.lh-lf.com\/en\/wp-json\/wp\/v2\/users\/6"}],"replies":[{"embeddable":true,"href":"https:\/\/www.lh-lf.com\/en\/wp-json\/wp\/v2\/comments?post=1771"}],"version-history":[{"count":0,"href":"https:\/\/www.lh-lf.com\/en\/wp-json\/wp\/v2\/pages\/1771\/revisions"}],"wp:attachment":[{"href":"https:\/\/www.lh-lf.com\/en\/wp-json\/wp\/v2\/media?parent=1771"}],"curies":[{"name":"wp","href":"https:\/\/api.w.org\/{rel}","templated":true}]}}