{"id":1488,"date":"2013-11-12T15:14:20","date_gmt":"2013-11-12T14:14:20","guid":{"rendered":"https:\/\/www.lh-lf.com\/NewSite\/?page_id=1488"},"modified":"2026-03-25T17:28:50","modified_gmt":"2026-03-25T16:28:50","slug":"vous","status":"publish","type":"page","link":"https:\/\/www.lh-lf.com\/en\/vous\/","title":{"rendered":"Who are you ?"},"content":{"rendered":"<div data-elementor-type=\"wp-page\" data-elementor-id=\"1488\" class=\"elementor elementor-1488\" data-elementor-post-type=\"page\">\n\t\t\t\t\t\t<section class=\"elementor-section elementor-top-section elementor-element elementor-element-66e1eef elementor-section-boxed elementor-section-height-default elementor-section-height-default\" data-id=\"66e1eef\" data-element_type=\"section\" data-e-type=\"section\" data-settings=\"{&quot;jet_parallax_layout_list&quot;:[]}\">\n\t\t\t\t\t\t<div class=\"elementor-container elementor-column-gap-default\">\n\t\t\t\t\t<div class=\"elementor-column elementor-col-50 elementor-top-column elementor-element elementor-element-922792d\" data-id=\"922792d\" data-element_type=\"column\" data-e-type=\"column\">\n\t\t\t<div class=\"elementor-widget-wrap elementor-element-populated\">\n\t\t\t\t\t\t<div class=\"elementor-element elementor-element-9869d92 elementor-widget elementor-widget-heading\" data-id=\"9869d92\" data-element_type=\"widget\" data-e-type=\"widget\" data-widget_type=\"heading.default\">\n\t\t\t\t<div class=\"elementor-widget-container\">\n\t\t\t\t\t<h2 class=\"elementor-heading-title elementor-size-default\">Who are you?<\/h2>\t\t\t\t<\/div>\n\t\t\t\t<\/div>\n\t\t\t\t<div class=\"elementor-element elementor-element-ff45201 elementor-widget-divider--view-line elementor-widget elementor-widget-divider\" data-id=\"ff45201\" data-element_type=\"widget\" data-e-type=\"widget\" data-widget_type=\"divider.default\">\n\t\t\t\t<div class=\"elementor-widget-container\">\n\t\t\t\t\t\t\t<div class=\"elementor-divider\">\n\t\t\t<span class=\"elementor-divider-separator\">\n\t\t\t\t\t\t<\/span>\n\t\t<\/div>\n\t\t\t\t\t\t<\/div>\n\t\t\t\t<\/div>\n\t\t\t\t\t<\/div>\n\t\t<\/div>\n\t\t\t\t<div class=\"elementor-column elementor-col-50 elementor-top-column elementor-element elementor-element-ef6bb43\" data-id=\"ef6bb43\" data-element_type=\"column\" data-e-type=\"column\">\n\t\t\t<div class=\"elementor-widget-wrap elementor-element-populated\">\n\t\t\t\t\t\t<div class=\"elementor-element elementor-element-f3f4845 elementor-widget elementor-widget-text-editor\" data-id=\"f3f4845\" data-element_type=\"widget\" data-e-type=\"widget\" data-widget_type=\"text-editor.default\">\n\t\t\t\t<div class=\"elementor-widget-container\">\n\t\t\t\t\t\t\t\t\t<p class=\"p1\"><span class=\"s1\">LightHouse LHLF assists its clients, wherever they are established, in complying with local and international tax and customs rules, while facilitating the management of issues related to international trade and protecting their own business relationships. <\/span><\/p>\t\t\t\t\t\t\t\t<\/div>\n\t\t\t\t<\/div>\n\t\t\t\t\t<\/div>\n\t\t<\/div>\n\t\t\t\t\t<\/div>\n\t\t<\/section>\n\t\t\t\t<section class=\"elementor-section elementor-top-section elementor-element elementor-element-0b5ee7f elementor-section-boxed elementor-section-height-default elementor-section-height-default\" data-id=\"0b5ee7f\" data-element_type=\"section\" data-e-type=\"section\" data-settings=\"{&quot;background_background&quot;:&quot;classic&quot;,&quot;jet_parallax_layout_list&quot;:[]}\">\n\t\t\t\t\t\t<div class=\"elementor-container elementor-column-gap-default\">\n\t\t\t\t\t<div class=\"elementor-column elementor-col-100 elementor-top-column elementor-element elementor-element-625d498\" data-id=\"625d498\" data-element_type=\"column\" data-e-type=\"column\">\n\t\t\t<div class=\"elementor-widget-wrap elementor-element-populated\">\n\t\t\t\t\t\t<div class=\"elementor-element elementor-element-b849f66 elementor-widget elementor-widget-text-editor\" data-id=\"b849f66\" data-element_type=\"widget\" data-e-type=\"widget\" data-widget_type=\"text-editor.default\">\n\t\t\t\t<div class=\"elementor-widget-container\">\n\t\t\t\t\t\t\t\t\t<p><span class=\"s1\">This expertise is 'cross-disciplinary' because it can be put to the service of all companies that develop cross-border operations, regardless of their needs, size, business model and operational structure. \n\nWe assist companies daily in the following sectors: industrial products, consumer goods, electronic products, luxury, retail, alcohol, tobacco, financial sector, real estate, leisure (internet travel agencies, media), energy (Green Tech), oil industry, chemical industry, medical equipment, High Tech, e-commerce, textiles, etc.<\/span><\/p><p class=\"p1\"><span class=\"s1\">We have developed specific expertise related to the High Tech sector, due to the many years one of our founders spent working in Silicon Valley, California. From the semiconductor industry to internet companies or software providers, we know the operating structure and the managers of High Tech companies, and we work in perfect harmony with these companies.<\/span><\/p><p class=\"p1\"><span class=\"s1\">The development of our firm has since allowed us to integrate cutting-edge expertise in other industrial fields, such as luxury, cosmetics, pharmaceuticals, mining \u2013 including gold and precious metals \u2013 nuclear and renewable energies, transport and logistics, press, or textiles...<\/span><\/p><p class=\"p1\"><span class=\"s1\">All our clients share a common trait that connects them and connects us: the development of international operations.<\/span><\/p>\t\t\t\t\t\t\t\t<\/div>\n\t\t\t\t<\/div>\n\t\t\t\t\t<\/div>\n\t\t<\/div>\n\t\t\t\t\t<\/div>\n\t\t<\/section>\n\t\t\t\t<\/div>","protected":false},"excerpt":{"rendered":"<p>Qui \u00eates-vous ? LightHouse LHLF aide ses clients o\u00f9 qu\u2019ils soient \u00e9tablis, \u00e0 se conformer aux r\u00e8gles fiscales et douani\u00e8res locales et internationales, tout en facilitant la gestion des probl\u00e9matiques li\u00e9es au commerce international et en prot\u00e9geant leurs propres relations commerciales. Cette expertise est \u2018transversale\u2019 car elle peut \u00eatre mise au service de toutes les [&hellip;]<\/p>\n","protected":false},"author":6,"featured_media":0,"parent":0,"menu_order":0,"comment_status":"closed","ping_status":"closed","template":"","meta":{"_seopress_robots_primary_cat":"","_seopress_titles_title":"","_seopress_titles_desc":"","_seopress_robots_index":"","footnotes":""},"class_list":["post-1488","page","type-page","status-publish","hentry"],"_links":{"self":[{"href":"https:\/\/www.lh-lf.com\/en\/wp-json\/wp\/v2\/pages\/1488","targetHints":{"allow":["GET"]}}],"collection":[{"href":"https:\/\/www.lh-lf.com\/en\/wp-json\/wp\/v2\/pages"}],"about":[{"href":"https:\/\/www.lh-lf.com\/en\/wp-json\/wp\/v2\/types\/page"}],"author":[{"embeddable":true,"href":"https:\/\/www.lh-lf.com\/en\/wp-json\/wp\/v2\/users\/6"}],"replies":[{"embeddable":true,"href":"https:\/\/www.lh-lf.com\/en\/wp-json\/wp\/v2\/comments?post=1488"}],"version-history":[{"count":0,"href":"https:\/\/www.lh-lf.com\/en\/wp-json\/wp\/v2\/pages\/1488\/revisions"}],"wp:attachment":[{"href":"https:\/\/www.lh-lf.com\/en\/wp-json\/wp\/v2\/media?parent=1488"}],"curies":[{"name":"wp","href":"https:\/\/api.w.org\/{rel}","templated":true}]}}