{"id":12308,"date":"2021-04-12T11:24:15","date_gmt":"2021-04-12T10:24:15","guid":{"rendered":"https:\/\/www.lh-lf.com\/?page_id=12308"},"modified":"2021-04-12T11:24:15","modified_gmt":"2021-04-12T10:24:15","slug":"merci-pour-votre-inscription-challenge-open-law","status":"publish","type":"page","link":"https:\/\/www.lh-lf.com\/en\/merci-pour-votre-inscription-challenge-open-law\/","title":{"rendered":"Merci pour votre inscription au challenge Open Law"},"content":{"rendered":"<p>Challenge accepted ! <\/p>\n<p>Merci pour votre confiance.<\/p>\n<p>Nous allons prendre contact avec vous tr\u00e8s vite pour fixer ensemble une date et un horaire pour cet \u00e9change.<\/p>\n<p>Bien \u00e0 vous,<\/p>\n<p>Toute l&rsquo;\u00e9quipe LHLF<\/p>","protected":false},"excerpt":{"rendered":"<p>Challenge accepted ! Merci pour votre confiance. Nous allons prendre contact avec vous tr\u00e8s vite pour fixer ensemble une date et un horaire pour cet \u00e9change. Bien \u00e0 vous, Toute l&rsquo;\u00e9quipe LHLF<\/p>","protected":false},"author":6,"featured_media":0,"parent":0,"menu_order":0,"comment_status":"closed","ping_status":"closed","template":"","meta":{"_seopress_robots_primary_cat":"","_seopress_titles_title":"","_seopress_titles_desc":"","_seopress_robots_index":"","footnotes":""},"class_list":["post-12308","page","type-page","status-publish","hentry"],"_links":{"self":[{"href":"https:\/\/www.lh-lf.com\/en\/wp-json\/wp\/v2\/pages\/12308","targetHints":{"allow":["GET"]}}],"collection":[{"href":"https:\/\/www.lh-lf.com\/en\/wp-json\/wp\/v2\/pages"}],"about":[{"href":"https:\/\/www.lh-lf.com\/en\/wp-json\/wp\/v2\/types\/page"}],"author":[{"embeddable":true,"href":"https:\/\/www.lh-lf.com\/en\/wp-json\/wp\/v2\/users\/6"}],"replies":[{"embeddable":true,"href":"https:\/\/www.lh-lf.com\/en\/wp-json\/wp\/v2\/comments?post=12308"}],"version-history":[{"count":0,"href":"https:\/\/www.lh-lf.com\/en\/wp-json\/wp\/v2\/pages\/12308\/revisions"}],"wp:attachment":[{"href":"https:\/\/www.lh-lf.com\/en\/wp-json\/wp\/v2\/media?parent=12308"}],"curies":[{"name":"wp","href":"https:\/\/api.w.org\/{rel}","templated":true}]}}